{"id":5056,"date":"2022-12-07T09:23:58","date_gmt":"2022-12-07T08:23:58","guid":{"rendered":"https:\/\/www.welbees.com\/?page_id=5056"},"modified":"2024-07-29T15:25:50","modified_gmt":"2024-07-29T13:25:50","slug":"privacy-policy","status":"publish","type":"page","link":"https:\/\/www.welbees.com\/en\/privacy-policy\/","title":{"rendered":"Privacy policy"},"content":{"rendered":"<div data-elementor-type=\"wp-page\" data-elementor-id=\"5056\" class=\"elementor elementor-5056\">\n\t\t\t\t\t\t<div class=\"elementor-inner\">\n\t\t\t\t<div class=\"elementor-section-wrap\">\n\t\t\t\t\t\t\t\t\t<section class=\"elementor-section elementor-top-section elementor-element elementor-element-9a1b505 elementor-section-boxed elementor-section-height-default elementor-section-height-default jltma-glass-effect-no\" data-id=\"9a1b505\" data-element_type=\"section\" data-settings=\"{&quot;background_background&quot;:&quot;gradient&quot;}\">\n\t\t\t\t\t\t\t<div class=\"elementor-background-overlay\"><\/div>\n\t\t\t\t\t\t\t<div class=\"elementor-container elementor-column-gap-default\">\n\t\t\t\t\t\t\t<div class=\"elementor-row\">\n\t\t\t\t\t<div class=\"elementor-column elementor-col-100 elementor-top-column elementor-element elementor-element-6829520 jltma-glass-effect-no\" data-id=\"6829520\" data-element_type=\"column\">\n\t\t\t<div class=\"elementor-column-wrap elementor-element-populated\">\n\t\t\t\t\t\t\t<div class=\"elementor-widget-wrap\">\n\t\t\t\t\t\t<div class=\"elementor-element elementor-element-71776b0 jltma-glass-effect-no elementor-widget elementor-widget-heading\" data-id=\"71776b0\" data-element_type=\"widget\" data-widget_type=\"heading.default\">\n\t\t\t\t<div class=\"elementor-widget-container\">\n\t\t\t<h1 class=\"elementor-heading-title elementor-size-default\">Privacy policy<\/h1>\t\t<\/div>\n\t\t\t\t<\/div>\n\t\t\t\t\t\t<\/div>\n\t\t\t\t\t<\/div>\n\t\t<\/div>\n\t\t\t\t\t\t\t\t<\/div>\n\t\t\t\t\t<\/div>\n\t\t<\/section>\n\t\t\t\t<section class=\"elementor-section elementor-top-section elementor-element elementor-element-39cc8017 elementor-section-boxed elementor-section-height-default elementor-section-height-default jltma-glass-effect-no\" data-id=\"39cc8017\" data-element_type=\"section\" data-settings=\"{&quot;animation&quot;:&quot;none&quot;}\">\n\t\t\t\t\t\t<div class=\"elementor-container elementor-column-gap-default\">\n\t\t\t\t\t\t\t<div class=\"elementor-row\">\n\t\t\t\t\t<div class=\"elementor-column elementor-col-100 elementor-top-column elementor-element elementor-element-6189ed93 jltma-glass-effect-no\" data-id=\"6189ed93\" data-element_type=\"column\">\n\t\t\t<div class=\"elementor-column-wrap elementor-element-populated\">\n\t\t\t\t\t\t\t<div class=\"elementor-widget-wrap\">\n\t\t\t\t\t\t<div class=\"elementor-element elementor-element-fb990ae jltma-glass-effect-no elementor-widget elementor-widget-text-editor\" data-id=\"fb990ae\" data-element_type=\"widget\" data-widget_type=\"text-editor.default\">\n\t\t\t\t<div class=\"elementor-widget-container\">\n\t\t\t\t\t\t\t\t<div class=\"elementor-text-editor elementor-clearfix\">\n\t\t\t\t<p>COLLECTION AND USE OF PERSONAL INFORMATION<\/p><p>Personal Data is necessary for the delivery of the services provided by Welbees.<\/p><p>Personal Data is collected, processed, and stored by Welbees in compliance with the current French Privacy Act and with the General Data Protection Regulation (GDPR). Welbees collects and processes names, phone numbers, and emails of its business contacts in order to accurately provide clients with the services described via its website.<\/p><p>When acting as a processor \u2013 as defined under Article 4 of the GDPR \u2013 on behalf of its clients, Welbees collects and processes information on the work of its client\u2019s employees and the potential consequences as it relates to specific sleep and fatigue levels. This information includes some employee\u2019s personal data, such as: age, sleep quality, sleep quantity, and fatigue levels.<\/p><p>The clients of Welbees shall always be regarded as the controller of its employee\u2019s personal data, including all processing made on its behalf.<\/p><p>The data is stored in accordance with the duration specified and for the provision by Welbees of its services. All employee data becomes anonymous within the month following the end of the implemented fatigue risk assessment for the Client.<\/p><p>Each Data Subject has a right to access, rectification, erasure, and portability regarding his\/her own personal data, under the conditions set forth by the French Privacy Act and the GDPR. The right of access, rectification, erasure, and portability can be exercised by sending an email to contact@welbees.com.<\/p><p>PROTECTION OF PERSONAL DATA AND PRIVACY<\/p><p>Welbees has appointed Virtual-DPO as an external Data Protection Officer. Data Subjects can send their requests through the contact page of Virtual DPO: www.virtual-dpo.fr<\/p><p>When the right of access, rectification, erasure, or portability are exercised by a client\u2019s employee, Welbees will answer the employee\u2019s request according to the conditions set forth by the client, as long as such conditions comply with the GDPR and French Privacy Act.<\/p><p>Should he\/she have any difficulty, the Data Subject can file a claim with the CNIL or any other legal authority having jurisdiction.<\/p><p>COOKIES<\/p><p>Cookies can automatically be installed on your browser or device when visiting Welbees\u2019 website or application. A cookie cannot identify the visitor; however, it can store information related to the websites and applications you have visited.<\/p><p>Welbees\u00a0uses cookies specifically for statistic reasons in order to improve the information displayed on its website and application.<\/p><p>The cookies which are likely to be installed on your browser\/device are published by Google (Google Analytics).<\/p><p>You are not obliged to accept the installation of cookies on your browser or device. However, by refusing their installation the quality of your user experience may decrease.<\/p>\t\t\t\t\t<\/div>\n\t\t\t\t\t\t<\/div>\n\t\t\t\t<\/div>\n\t\t\t\t\t\t<\/div>\n\t\t\t\t\t<\/div>\n\t\t<\/div>\n\t\t\t\t\t\t\t\t<\/div>\n\t\t\t\t\t<\/div>\n\t\t<\/section>\n\t\t\t\t\t\t\t\t\t<\/div>\n\t\t\t<\/div>\n\t\t\t\t\t<\/div>","protected":false},"excerpt":{"rendered":"<p>Politique de confidentialit\u00e9 COLLECTE ET UTILISATION DES DONN\u00c9ES PERSONNELLES Les Donn\u00e9es personnelles sont n\u00e9cessaires \u00e0 la prestation des services fournis par Welbees. Les Donn\u00e9es personnelles sont collect\u00e9es, trait\u00e9es et stock\u00e9es par Welbees en conformit\u00e9 avec la loi fran\u00e7aise sur la protection des donn\u00e9es personnelles en vigueur et avec le R\u00e8glement g\u00e9n\u00e9ral sur la protection des [&hellip;]<\/p>","protected":false},"author":8,"featured_media":0,"parent":0,"menu_order":0,"comment_status":"closed","ping_status":"closed","template":"","meta":{"footnotes":""},"class_list":["post-5056","page","type-page","status-publish","hentry"],"yoast_head":"<!-- This site is optimized with the Yoast SEO plugin v26.8 - https:\/\/yoast.com\/product\/yoast-seo-wordpress\/ -->\n<title>Privacy policy - Welbees<\/title>\n<meta name=\"robots\" content=\"noindex, nofollow\" \/>\n<meta property=\"og:locale\" content=\"en_US\" \/>\n<meta property=\"og:type\" content=\"article\" \/>\n<meta property=\"og:title\" content=\"Privacy policy - Welbees\" \/>\n<meta property=\"og:description\" content=\"Politique de confidentialit\u00e9 COLLECTE ET UTILISATION DES DONN\u00c9ES PERSONNELLES Les Donn\u00e9es personnelles sont n\u00e9cessaires \u00e0 la prestation des services fournis par Welbees. Les Donn\u00e9es personnelles sont collect\u00e9es, trait\u00e9es et stock\u00e9es par Welbees en conformit\u00e9 avec la loi fran\u00e7aise sur la protection des donn\u00e9es personnelles en vigueur et avec le R\u00e8glement g\u00e9n\u00e9ral sur la protection des [&hellip;]\" \/>\n<meta property=\"og:url\" content=\"https:\/\/www.welbees.com\/en\/privacy-policy\/\" \/>\n<meta property=\"og:site_name\" content=\"Welbees\" \/>\n<meta property=\"article:modified_time\" content=\"2024-07-29T13:25:50+00:00\" \/>\n<meta name=\"twitter:card\" content=\"summary_large_image\" \/>\n<meta name=\"twitter:label1\" content=\"Est. reading time\" \/>\n\t<meta name=\"twitter:data1\" content=\"3 minutes\" \/>\n<script type=\"application\/ld+json\" class=\"yoast-schema-graph\">{\"@context\":\"https:\/\/schema.org\",\"@graph\":[{\"@type\":\"WebPage\",\"@id\":\"https:\/\/www.welbees.com\/privacy-policy\/\",\"url\":\"https:\/\/www.welbees.com\/privacy-policy\/\",\"name\":\"Privacy policy - Welbees\",\"isPartOf\":{\"@id\":\"https:\/\/www.welbees.com\/#website\"},\"datePublished\":\"2022-12-07T08:23:58+00:00\",\"dateModified\":\"2024-07-29T13:25:50+00:00\",\"inLanguage\":\"en-US\",\"potentialAction\":[{\"@type\":\"ReadAction\",\"target\":[\"https:\/\/www.welbees.com\/privacy-policy\/\"]}]},{\"@type\":\"WebSite\",\"@id\":\"https:\/\/www.welbees.com\/#website\",\"url\":\"https:\/\/www.welbees.com\/\",\"name\":\"Welbees\",\"description\":\"BROADEN KNOWLEDGE FOR SAFER WORK\",\"publisher\":{\"@id\":\"https:\/\/www.welbees.com\/#organization\"},\"potentialAction\":[{\"@type\":\"SearchAction\",\"target\":{\"@type\":\"EntryPoint\",\"urlTemplate\":\"https:\/\/www.welbees.com\/?s={search_term_string}\"},\"query-input\":{\"@type\":\"PropertyValueSpecification\",\"valueRequired\":true,\"valueName\":\"search_term_string\"}}],\"inLanguage\":\"en-US\"},{\"@type\":\"Organization\",\"@id\":\"https:\/\/www.welbees.com\/#organization\",\"name\":\"Welbees\",\"url\":\"https:\/\/www.welbees.com\/\",\"logo\":{\"@type\":\"ImageObject\",\"inLanguage\":\"en-US\",\"@id\":\"https:\/\/www.welbees.com\/#\/schema\/logo\/image\/\",\"url\":\"https:\/\/www.welbees.com\/wp-content\/uploads\/2022\/06\/cropped-image00005.png\",\"contentUrl\":\"https:\/\/www.welbees.com\/wp-content\/uploads\/2022\/06\/cropped-image00005.png\",\"width\":1867,\"height\":533,\"caption\":\"Welbees\"},\"image\":{\"@id\":\"https:\/\/www.welbees.com\/#\/schema\/logo\/image\/\"}}]}<\/script>\n<!-- \/ Yoast SEO plugin. -->","yoast_head_json":{"title":"Privacy policy - Welbees","robots":{"index":"noindex","follow":"nofollow"},"og_locale":"en_US","og_type":"article","og_title":"Privacy policy - Welbees","og_description":"Politique de confidentialit\u00e9 COLLECTE ET UTILISATION DES DONN\u00c9ES PERSONNELLES Les Donn\u00e9es personnelles sont n\u00e9cessaires \u00e0 la prestation des services fournis par Welbees. Les Donn\u00e9es personnelles sont collect\u00e9es, trait\u00e9es et stock\u00e9es par Welbees en conformit\u00e9 avec la loi fran\u00e7aise sur la protection des donn\u00e9es personnelles en vigueur et avec le R\u00e8glement g\u00e9n\u00e9ral sur la protection des [&hellip;]","og_url":"https:\/\/www.welbees.com\/en\/privacy-policy\/","og_site_name":"Welbees","article_modified_time":"2024-07-29T13:25:50+00:00","twitter_card":"summary_large_image","twitter_misc":{"Est. reading time":"3 minutes"},"schema":{"@context":"https:\/\/schema.org","@graph":[{"@type":"WebPage","@id":"https:\/\/www.welbees.com\/privacy-policy\/","url":"https:\/\/www.welbees.com\/privacy-policy\/","name":"Privacy policy - Welbees","isPartOf":{"@id":"https:\/\/www.welbees.com\/#website"},"datePublished":"2022-12-07T08:23:58+00:00","dateModified":"2024-07-29T13:25:50+00:00","inLanguage":"en-US","potentialAction":[{"@type":"ReadAction","target":["https:\/\/www.welbees.com\/privacy-policy\/"]}]},{"@type":"WebSite","@id":"https:\/\/www.welbees.com\/#website","url":"https:\/\/www.welbees.com\/","name":"Welbees","description":"BROADEN KNOWLEDGE FOR SAFER WORK","publisher":{"@id":"https:\/\/www.welbees.com\/#organization"},"potentialAction":[{"@type":"SearchAction","target":{"@type":"EntryPoint","urlTemplate":"https:\/\/www.welbees.com\/?s={search_term_string}"},"query-input":{"@type":"PropertyValueSpecification","valueRequired":true,"valueName":"search_term_string"}}],"inLanguage":"en-US"},{"@type":"Organization","@id":"https:\/\/www.welbees.com\/#organization","name":"Welbees","url":"https:\/\/www.welbees.com\/","logo":{"@type":"ImageObject","inLanguage":"en-US","@id":"https:\/\/www.welbees.com\/#\/schema\/logo\/image\/","url":"https:\/\/www.welbees.com\/wp-content\/uploads\/2022\/06\/cropped-image00005.png","contentUrl":"https:\/\/www.welbees.com\/wp-content\/uploads\/2022\/06\/cropped-image00005.png","width":1867,"height":533,"caption":"Welbees"},"image":{"@id":"https:\/\/www.welbees.com\/#\/schema\/logo\/image\/"}}]}},"_links":{"self":[{"href":"https:\/\/www.welbees.com\/en\/wp-json\/wp\/v2\/pages\/5056","targetHints":{"allow":["GET"]}}],"collection":[{"href":"https:\/\/www.welbees.com\/en\/wp-json\/wp\/v2\/pages"}],"about":[{"href":"https:\/\/www.welbees.com\/en\/wp-json\/wp\/v2\/types\/page"}],"author":[{"embeddable":true,"href":"https:\/\/www.welbees.com\/en\/wp-json\/wp\/v2\/users\/8"}],"replies":[{"embeddable":true,"href":"https:\/\/www.welbees.com\/en\/wp-json\/wp\/v2\/comments?post=5056"}],"version-history":[{"count":12,"href":"https:\/\/www.welbees.com\/en\/wp-json\/wp\/v2\/pages\/5056\/revisions"}],"predecessor-version":[{"id":7227,"href":"https:\/\/www.welbees.com\/en\/wp-json\/wp\/v2\/pages\/5056\/revisions\/7227"}],"wp:attachment":[{"href":"https:\/\/www.welbees.com\/en\/wp-json\/wp\/v2\/media?parent=5056"}],"curies":[{"name":"wp","href":"https:\/\/api.w.org\/{rel}","templated":true}]}}