{"id":5097,"date":"2022-12-07T09:47:11","date_gmt":"2022-12-07T08:47:11","guid":{"rendered":"https:\/\/www.welbees.com\/?page_id=5097"},"modified":"2026-04-09T11:54:41","modified_gmt":"2026-04-09T09:54:41","slug":"training-rps-2","status":"publish","type":"page","link":"https:\/\/www.welbees.com\/en\/training-rps-2\/","title":{"rendered":"Training &#8211; RPS"},"content":{"rendered":"<div data-elementor-type=\"wp-page\" data-elementor-id=\"5097\" class=\"elementor elementor-5097\">\n\t\t\t\t\t\t<div class=\"elementor-inner\">\n\t\t\t\t<div class=\"elementor-section-wrap\">\n\t\t\t\t\t\t\t\t\t<section class=\"elementor-section elementor-top-section elementor-element elementor-element-2bb14eb elementor-section-boxed elementor-section-height-default elementor-section-height-default jltma-glass-effect-no\" data-id=\"2bb14eb\" data-element_type=\"section\" data-settings=\"{&quot;background_background&quot;:&quot;classic&quot;}\">\n\t\t\t\t\t\t\t<div class=\"elementor-background-overlay\"><\/div>\n\t\t\t\t\t\t\t<div class=\"elementor-container elementor-column-gap-default\">\n\t\t\t\t\t\t\t<div class=\"elementor-row\">\n\t\t\t\t\t<div class=\"elementor-column elementor-col-100 elementor-top-column elementor-element elementor-element-0a09c5a jltma-glass-effect-no\" data-id=\"0a09c5a\" data-element_type=\"column\" data-settings=\"{&quot;background_background&quot;:&quot;classic&quot;}\">\n\t\t\t<div class=\"elementor-column-wrap elementor-element-populated\">\n\t\t\t\t\t<div class=\"elementor-background-overlay\"><\/div>\n\t\t\t\t\t\t\t<div class=\"elementor-widget-wrap\">\n\t\t\t\t\t\t<div class=\"elementor-element elementor-element-bc038d2 jltma-glass-effect-no elementor-widget elementor-widget-menu-anchor\" data-id=\"bc038d2\" data-element_type=\"widget\" data-widget_type=\"menu-anchor.default\">\n\t\t\t\t<div class=\"elementor-widget-container\">\n\t\t\t\t\t<div id=\"FORMATION3\" class=\"elementor-menu-anchor\"><\/div>\n\t\t\t\t<\/div>\n\t\t\t\t<\/div>\n\t\t\t\t<div class=\"elementor-element elementor-element-60f3928 jltma-glass-effect-no elementor-widget elementor-widget-heading\" data-id=\"60f3928\" data-element_type=\"widget\" data-widget_type=\"heading.default\">\n\t\t\t\t<div class=\"elementor-widget-container\">\n\t\t\t<h1 class=\"elementor-heading-title elementor-size-default\">TRAINING COURSE 3<\/h1>\t\t<\/div>\n\t\t\t\t<\/div>\n\t\t\t\t<div class=\"elementor-element elementor-element-f8bdd52 elementor-widget-divider--view-line jltma-glass-effect-no elementor-widget elementor-widget-divider\" data-id=\"f8bdd52\" data-element_type=\"widget\" data-widget_type=\"divider.default\">\n\t\t\t\t<div class=\"elementor-widget-container\">\n\t\t\t\t\t<div class=\"elementor-divider\">\n\t\t\t<span class=\"elementor-divider-separator\">\n\t\t\t\t\t\t<\/span>\n\t\t<\/div>\n\t\t\t\t<\/div>\n\t\t\t\t<\/div>\n\t\t\t\t<div class=\"elementor-element elementor-element-e32720f jltma-glass-effect-no elementor-widget elementor-widget-heading\" data-id=\"e32720f\" data-element_type=\"widget\" data-widget_type=\"heading.default\">\n\t\t\t\t<div class=\"elementor-widget-container\">\n\t\t\t<h1 class=\"elementor-heading-title elementor-size-default\">Psychosocial risks (PSR) Training<\/h1>\t\t<\/div>\n\t\t\t\t<\/div>\n\t\t\t\t<div class=\"elementor-element elementor-element-ea7d49e jltma-glass-effect-no elementor-widget elementor-widget-heading\" data-id=\"ea7d49e\" data-element_type=\"widget\" data-widget_type=\"heading.default\">\n\t\t\t\t<div class=\"elementor-widget-container\">\n\t\t\t<h1 class=\"elementor-heading-title elementor-size-default\">A comprehensive training course to acquire solid skills and knowledge on psychosocial risk management throughout your organisation<\/h1>\t\t<\/div>\n\t\t\t\t<\/div>\n\t\t\t\t\t\t<\/div>\n\t\t\t\t\t<\/div>\n\t\t<\/div>\n\t\t\t\t\t\t\t\t<\/div>\n\t\t\t\t\t<\/div>\n\t\t<\/section>\n\t\t\t\t<section class=\"elementor-section elementor-top-section elementor-element elementor-element-7fcd39a elementor-section-boxed elementor-section-height-default elementor-section-height-default jltma-glass-effect-no\" data-id=\"7fcd39a\" data-element_type=\"section\">\n\t\t\t\t\t\t<div class=\"elementor-container elementor-column-gap-default\">\n\t\t\t\t\t\t\t<div class=\"elementor-row\">\n\t\t\t\t\t<div class=\"elementor-column elementor-col-20 elementor-top-column elementor-element elementor-element-122ece5 jltma-glass-effect-no\" data-id=\"122ece5\" data-element_type=\"column\">\n\t\t\t<div class=\"elementor-column-wrap elementor-element-populated\">\n\t\t\t\t\t\t\t<div class=\"elementor-widget-wrap\">\n\t\t\t\t\t\t<div class=\"elementor-element elementor-element-0294d4d jltma-glass-effect-no elementor-widget elementor-widget-heading\" data-id=\"0294d4d\" data-element_type=\"widget\" data-widget_type=\"heading.default\">\n\t\t\t\t<div class=\"elementor-widget-container\">\n\t\t\t<h1 class=\"elementor-heading-title elementor-size-default\">1<\/h1>\t\t<\/div>\n\t\t\t\t<\/div>\n\t\t\t\t<div class=\"elementor-element elementor-element-818a7d2 jltma-glass-effect-no elementor-widget elementor-widget-heading\" data-id=\"818a7d2\" data-element_type=\"widget\" data-widget_type=\"heading.default\">\n\t\t\t\t<div class=\"elementor-widget-container\">\n\t\t\t<h1 class=\"elementor-heading-title elementor-size-default\">DAY<\/h1>\t\t<\/div>\n\t\t\t\t<\/div>\n\t\t\t\t\t\t<\/div>\n\t\t\t\t\t<\/div>\n\t\t<\/div>\n\t\t\t\t<div class=\"elementor-column elementor-col-20 elementor-top-column elementor-element elementor-element-0ed1c80 jltma-glass-effect-no\" data-id=\"0ed1c80\" data-element_type=\"column\">\n\t\t\t<div class=\"elementor-column-wrap elementor-element-populated\">\n\t\t\t\t\t\t\t<div class=\"elementor-widget-wrap\">\n\t\t\t\t\t\t<div class=\"elementor-element elementor-element-e050f3a jltma-glass-effect-no elementor-widget elementor-widget-heading\" data-id=\"e050f3a\" data-element_type=\"widget\" data-widget_type=\"heading.default\">\n\t\t\t\t<div class=\"elementor-widget-container\">\n\t\t\t<h1 class=\"elementor-heading-title elementor-size-default\">7<\/h1>\t\t<\/div>\n\t\t\t\t<\/div>\n\t\t\t\t<div class=\"elementor-element elementor-element-069483d jltma-glass-effect-no elementor-widget elementor-widget-heading\" data-id=\"069483d\" data-element_type=\"widget\" data-widget_type=\"heading.default\">\n\t\t\t\t<div class=\"elementor-widget-container\">\n\t\t\t<h1 class=\"elementor-heading-title elementor-size-default\">MODULES<\/h1>\t\t<\/div>\n\t\t\t\t<\/div>\n\t\t\t\t\t\t<\/div>\n\t\t\t\t\t<\/div>\n\t\t<\/div>\n\t\t\t\t<div class=\"elementor-column elementor-col-20 elementor-top-column elementor-element elementor-element-a91aa29 jltma-glass-effect-no\" data-id=\"a91aa29\" data-element_type=\"column\">\n\t\t\t<div class=\"elementor-column-wrap elementor-element-populated\">\n\t\t\t\t\t\t\t<div class=\"elementor-widget-wrap\">\n\t\t\t\t\t\t<div class=\"elementor-element elementor-element-c8a4a4c jltma-glass-effect-no elementor-widget elementor-widget-heading\" data-id=\"c8a4a4c\" data-element_type=\"widget\" data-widget_type=\"heading.default\">\n\t\t\t\t<div class=\"elementor-widget-container\">\n\t\t\t<h1 class=\"elementor-heading-title elementor-size-default\">8<\/h1>\t\t<\/div>\n\t\t\t\t<\/div>\n\t\t\t\t<div class=\"elementor-element elementor-element-1fbe3ef jltma-glass-effect-no elementor-widget elementor-widget-heading\" data-id=\"1fbe3ef\" data-element_type=\"widget\" data-widget_type=\"heading.default\">\n\t\t\t\t<div class=\"elementor-widget-container\">\n\t\t\t<h1 class=\"elementor-heading-title elementor-size-default\">EXERCISES<\/h1>\t\t<\/div>\n\t\t\t\t<\/div>\n\t\t\t\t\t\t<\/div>\n\t\t\t\t\t<\/div>\n\t\t<\/div>\n\t\t\t\t<div class=\"elementor-column elementor-col-20 elementor-top-column elementor-element elementor-element-ead5427 jltma-glass-effect-no\" data-id=\"ead5427\" data-element_type=\"column\">\n\t\t\t<div class=\"elementor-column-wrap elementor-element-populated\">\n\t\t\t\t\t\t\t<div class=\"elementor-widget-wrap\">\n\t\t\t\t\t\t<div class=\"elementor-element elementor-element-026197e jltma-glass-effect-no elementor-widget elementor-widget-heading\" data-id=\"026197e\" data-element_type=\"widget\" data-widget_type=\"heading.default\">\n\t\t\t\t<div class=\"elementor-widget-container\">\n\t\t\t<h1 class=\"elementor-heading-title elementor-size-default\">1<\/h1>\t\t<\/div>\n\t\t\t\t<\/div>\n\t\t\t\t<div class=\"elementor-element elementor-element-8b5c82c jltma-glass-effect-no elementor-widget elementor-widget-heading\" data-id=\"8b5c82c\" data-element_type=\"widget\" data-widget_type=\"heading.default\">\n\t\t\t\t<div class=\"elementor-widget-container\">\n\t\t\t<h1 class=\"elementor-heading-title elementor-size-default\">EVALUATION<\/h1>\t\t<\/div>\n\t\t\t\t<\/div>\n\t\t\t\t\t\t<\/div>\n\t\t\t\t\t<\/div>\n\t\t<\/div>\n\t\t\t\t<div class=\"elementor-column elementor-col-20 elementor-top-column elementor-element elementor-element-afdb964 jltma-glass-effect-no\" data-id=\"afdb964\" data-element_type=\"column\">\n\t\t\t<div class=\"elementor-column-wrap elementor-element-populated\">\n\t\t\t\t\t\t\t<div class=\"elementor-widget-wrap\">\n\t\t\t\t\t\t<div class=\"elementor-element elementor-element-1416a86 jltma-glass-effect-no elementor-widget elementor-widget-heading\" data-id=\"1416a86\" data-element_type=\"widget\" data-widget_type=\"heading.default\">\n\t\t\t\t<div class=\"elementor-widget-container\">\n\t\t\t<h1 class=\"elementor-heading-title elementor-size-default\">1<\/h1>\t\t<\/div>\n\t\t\t\t<\/div>\n\t\t\t\t<div class=\"elementor-element elementor-element-9cbfec4 jltma-glass-effect-no elementor-widget elementor-widget-heading\" data-id=\"9cbfec4\" data-element_type=\"widget\" data-widget_type=\"heading.default\">\n\t\t\t\t<div class=\"elementor-widget-container\">\n\t\t\t<h1 class=\"elementor-heading-title elementor-size-default\">CERTIFICATION<\/h1>\t\t<\/div>\n\t\t\t\t<\/div>\n\t\t\t\t\t\t<\/div>\n\t\t\t\t\t<\/div>\n\t\t<\/div>\n\t\t\t\t\t\t\t\t<\/div>\n\t\t\t\t\t<\/div>\n\t\t<\/section>\n\t\t\t\t<section class=\"elementor-section elementor-top-section elementor-element elementor-element-6b3b4d3 elementor-section-boxed elementor-section-height-default elementor-section-height-default jltma-glass-effect-no\" data-id=\"6b3b4d3\" data-element_type=\"section\">\n\t\t\t\t\t\t<div class=\"elementor-container elementor-column-gap-default\">\n\t\t\t\t\t\t\t<div class=\"elementor-row\">\n\t\t\t\t\t<div class=\"elementor-column elementor-col-100 elementor-top-column elementor-element elementor-element-4e9f6c9 jltma-glass-effect-no\" data-id=\"4e9f6c9\" data-element_type=\"column\">\n\t\t\t<div class=\"elementor-column-wrap elementor-element-populated\">\n\t\t\t\t\t\t\t<div class=\"elementor-widget-wrap\">\n\t\t\t\t\t\t<div class=\"elementor-element elementor-element-6ca0fc9 jltma-glass-effect-no elementor-widget elementor-widget-toggle\" data-id=\"6ca0fc9\" data-element_type=\"widget\" data-widget_type=\"toggle.default\">\n\t\t\t\t<div class=\"elementor-widget-container\">\n\t\t\t\t\t<div class=\"elementor-toggle\" role=\"tablist\">\n\t\t\t\t\t\t\t<div class=\"elementor-toggle-item\">\n\t\t\t\t\t<div id=\"elementor-tab-title-1131\" class=\"elementor-tab-title\" data-tab=\"1\" role=\"tab\" aria-controls=\"elementor-tab-content-1131\" aria-expanded=\"false\">\n\t\t\t\t\t\t\t\t\t\t\t\t<span class=\"elementor-toggle-icon elementor-toggle-icon-left\" aria-hidden=\"true\">\n\t\t\t\t\t\t\t\t\t\t\t\t\t\t\t<span class=\"elementor-toggle-icon-closed\"><i class=\"fas fa-caret-right\"><\/i><\/span>\n\t\t\t\t\t\t\t\t<span class=\"elementor-toggle-icon-opened\"><i class=\"elementor-toggle-icon-opened fas fa-caret-up\"><\/i><\/span>\n\t\t\t\t\t\t\t\t\t\t\t\t\t<\/span>\n\t\t\t\t\t\t\t\t\t\t\t\t<a href=\"\" class=\"elementor-toggle-title\">Description<\/a>\n\t\t\t\t\t<\/div>\n\n\t\t\t\t\t<div id=\"elementor-tab-content-1131\" class=\"elementor-tab-content elementor-clearfix\" data-tab=\"1\" role=\"tabpanel\" aria-labelledby=\"elementor-tab-title-1131\"><p>An in-depth PSR training course on psychosocial risks (PSR). Each module will provide learners with specific knowledge on psychosocial risk. At the end of the course, learners will be able to implement or improve psychosocial risk prevention in their organisation.<\/p><\/div>\n\t\t\t\t<\/div>\n\t\t\t\t\t\t\t<div class=\"elementor-toggle-item\">\n\t\t\t\t\t<div id=\"elementor-tab-title-1132\" class=\"elementor-tab-title\" data-tab=\"2\" role=\"tab\" aria-controls=\"elementor-tab-content-1132\" aria-expanded=\"false\">\n\t\t\t\t\t\t\t\t\t\t\t\t<span class=\"elementor-toggle-icon elementor-toggle-icon-left\" aria-hidden=\"true\">\n\t\t\t\t\t\t\t\t\t\t\t\t\t\t\t<span class=\"elementor-toggle-icon-closed\"><i class=\"fas fa-caret-right\"><\/i><\/span>\n\t\t\t\t\t\t\t\t<span class=\"elementor-toggle-icon-opened\"><i class=\"elementor-toggle-icon-opened fas fa-caret-up\"><\/i><\/span>\n\t\t\t\t\t\t\t\t\t\t\t\t\t<\/span>\n\t\t\t\t\t\t\t\t\t\t\t\t<a href=\"\" class=\"elementor-toggle-title\">Targeted audience<\/a>\n\t\t\t\t\t<\/div>\n\n\t\t\t\t\t<div id=\"elementor-tab-content-1132\" class=\"elementor-tab-content elementor-clearfix\" data-tab=\"2\" role=\"tabpanel\" aria-labelledby=\"elementor-tab-title-1132\"><ul><li><span class=\"elementor-icon-list-text\">Managers<\/span><\/li><li>Human Resources (HR) Managers<\/li><\/ul><\/div>\n\t\t\t\t<\/div>\n\t\t\t\t\t\t\t<div class=\"elementor-toggle-item\">\n\t\t\t\t\t<div id=\"elementor-tab-title-1133\" class=\"elementor-tab-title\" data-tab=\"3\" role=\"tab\" aria-controls=\"elementor-tab-content-1133\" aria-expanded=\"false\">\n\t\t\t\t\t\t\t\t\t\t\t\t<span class=\"elementor-toggle-icon elementor-toggle-icon-left\" aria-hidden=\"true\">\n\t\t\t\t\t\t\t\t\t\t\t\t\t\t\t<span class=\"elementor-toggle-icon-closed\"><i class=\"fas fa-caret-right\"><\/i><\/span>\n\t\t\t\t\t\t\t\t<span class=\"elementor-toggle-icon-opened\"><i class=\"elementor-toggle-icon-opened fas fa-caret-up\"><\/i><\/span>\n\t\t\t\t\t\t\t\t\t\t\t\t\t<\/span>\n\t\t\t\t\t\t\t\t\t\t\t\t<a href=\"\" class=\"elementor-toggle-title\">Requirements<\/a>\n\t\t\t\t\t<\/div>\n\n\t\t\t\t\t<div id=\"elementor-tab-content-1133\" class=\"elementor-tab-content elementor-clearfix\" data-tab=\"3\" role=\"tabpanel\" aria-labelledby=\"elementor-tab-title-1133\"><p>The course is available in several versions, depending on participants' level of expertise, from beginner to expert.<\/p><p>For the \u201cbeginner\u201d version, no prerequisites are required.<\/p><p>For the \u201cexpert\u201d version, participants must have a profile linked to a relevant profession or training (psychology, medicine, occupational hazards, experienced manager, occupational health and safety, human and organizational factors, etc.).<\/p><\/div>\n\t\t\t\t<\/div>\n\t\t\t\t\t\t\t<div class=\"elementor-toggle-item\">\n\t\t\t\t\t<div id=\"elementor-tab-title-1134\" class=\"elementor-tab-title\" data-tab=\"4\" role=\"tab\" aria-controls=\"elementor-tab-content-1134\" aria-expanded=\"false\">\n\t\t\t\t\t\t\t\t\t\t\t\t<span class=\"elementor-toggle-icon elementor-toggle-icon-left\" aria-hidden=\"true\">\n\t\t\t\t\t\t\t\t\t\t\t\t\t\t\t<span class=\"elementor-toggle-icon-closed\"><i class=\"fas fa-caret-right\"><\/i><\/span>\n\t\t\t\t\t\t\t\t<span class=\"elementor-toggle-icon-opened\"><i class=\"elementor-toggle-icon-opened fas fa-caret-up\"><\/i><\/span>\n\t\t\t\t\t\t\t\t\t\t\t\t\t<\/span>\n\t\t\t\t\t\t\t\t\t\t\t\t<a href=\"\" class=\"elementor-toggle-title\">Learning objectives\/targeted skills<\/a>\n\t\t\t\t\t<\/div>\n\n\t\t\t\t\t<div id=\"elementor-tab-content-1134\" class=\"elementor-tab-content elementor-clearfix\" data-tab=\"4\" role=\"tabpanel\" aria-labelledby=\"elementor-tab-title-1134\"><ul><li>Understanding the mechanisms and determinants of psychosocial risks<\/li><li>Identify the organisational factors that contribute to psychosocial risks<\/li><li>Identifying early warning signs and high-risk situations within teams<\/li><li>Analysing work situations from the perspective of psychosocial risks<\/li><li>Contribute to the implementation of a strategy to prevent psychosocial risks<\/li><li>Help develop a prevention action plan<\/li><li>Adapting management practices to reduce psychosocial risks<\/li><li>Promoting a healthy and sustainable working environment<\/li><\/ul><\/div>\n\t\t\t\t<\/div>\n\t\t\t\t\t\t\t<div class=\"elementor-toggle-item\">\n\t\t\t\t\t<div id=\"elementor-tab-title-1135\" class=\"elementor-tab-title\" data-tab=\"5\" role=\"tab\" aria-controls=\"elementor-tab-content-1135\" aria-expanded=\"false\">\n\t\t\t\t\t\t\t\t\t\t\t\t<span class=\"elementor-toggle-icon elementor-toggle-icon-left\" aria-hidden=\"true\">\n\t\t\t\t\t\t\t\t\t\t\t\t\t\t\t<span class=\"elementor-toggle-icon-closed\"><i class=\"fas fa-caret-right\"><\/i><\/span>\n\t\t\t\t\t\t\t\t<span class=\"elementor-toggle-icon-opened\"><i class=\"elementor-toggle-icon-opened fas fa-caret-up\"><\/i><\/span>\n\t\t\t\t\t\t\t\t\t\t\t\t\t<\/span>\n\t\t\t\t\t\t\t\t\t\t\t\t<a href=\"\" class=\"elementor-toggle-title\">How the course is run<\/a>\n\t\t\t\t\t<\/div>\n\n\t\t\t\t\t<div id=\"elementor-tab-content-1135\" class=\"elementor-tab-content elementor-clearfix\" data-tab=\"5\" role=\"tabpanel\" aria-labelledby=\"elementor-tab-title-1135\"><p><b>DAY 1<\/b><\/p><ul><li>Module 1: Challenges of psychosocial risks for the employer<\/li><li>Module 2: Regulatory aspects\u00a0<\/li><li>Module 3: Definitions and description of psychosocial risk factors<\/li><li>Module 4: The consequences of psychosocial risks on employee health and challenges for the company<\/li><li>Module 5: Assessing psychosocial risks<\/li><li>Module 6: Preventive approach<\/li><li>Module 7: Practical assignements<\/li><\/ul><\/div>\n\t\t\t\t<\/div>\n\t\t\t\t\t\t\t\t<\/div>\n\t\t\t\t<\/div>\n\t\t\t\t<\/div>\n\t\t\t\t<div class=\"elementor-element elementor-element-d22139e elementor-align-center jltma-glass-effect-no elementor-widget elementor-widget-button\" data-id=\"d22139e\" data-element_type=\"widget\" data-widget_type=\"button.default\">\n\t\t\t\t<div class=\"elementor-widget-container\">\n\t\t\t\t\t<div class=\"elementor-button-wrapper\">\n\t\t\t<a href=\"https:\/\/www.welbees.com\/en\/contact\/fr\/\" class=\"elementor-button-link elementor-button elementor-size-sm\" role=\"button\" id=\"Small_red_CTA\">\n\t\t\t\t\t\t<span class=\"elementor-button-content-wrapper\">\n\t\t\t\t\t\t<span class=\"elementor-button-text\">Request a quote<\/span>\n\t\t<\/span>\n\t\t\t\t\t<\/a>\n\t\t<\/div>\n\t\t\t\t<\/div>\n\t\t\t\t<\/div>\n\t\t\t\t\t\t<\/div>\n\t\t\t\t\t<\/div>\n\t\t<\/div>\n\t\t\t\t\t\t\t\t<\/div>\n\t\t\t\t\t<\/div>\n\t\t<\/section>\n\t\t\t\t<section class=\"elementor-section elementor-top-section elementor-element elementor-element-56132f8 elementor-section-boxed elementor-section-height-default elementor-section-height-default jltma-glass-effect-no\" data-id=\"56132f8\" data-element_type=\"section\">\n\t\t\t\t\t\t<div class=\"elementor-container elementor-column-gap-default\">\n\t\t\t\t\t\t\t<div class=\"elementor-row\">\n\t\t\t\t\t<div class=\"elementor-column elementor-col-100 elementor-top-column elementor-element elementor-element-e4e077c jltma-glass-effect-no\" data-id=\"e4e077c\" data-element_type=\"column\">\n\t\t\t<div class=\"elementor-column-wrap elementor-element-populated\">\n\t\t\t\t\t\t\t<div class=\"elementor-widget-wrap\">\n\t\t\t\t\t\t<div class=\"elementor-element elementor-element-b6d65dc jltma-glass-effect-no elementor-widget elementor-widget-text-editor\" data-id=\"b6d65dc\" data-element_type=\"widget\" data-widget_type=\"text-editor.default\">\n\t\t\t\t<div class=\"elementor-widget-container\">\n\t\t\t\t\t\t\t\t<div class=\"elementor-text-editor elementor-clearfix\">\n\t\t\t\t<p><a href=\"https:\/\/www.welbees.com\/en\/training\/fr\/\">Back to list of training courses<\/a><\/p>\t\t\t\t\t<\/div>\n\t\t\t\t\t\t<\/div>\n\t\t\t\t<\/div>\n\t\t\t\t\t\t<\/div>\n\t\t\t\t\t<\/div>\n\t\t<\/div>\n\t\t\t\t\t\t\t\t<\/div>\n\t\t\t\t\t<\/div>\n\t\t<\/section>\n\t\t\t\t\t\t\t\t\t<\/div>\n\t\t\t<\/div>\n\t\t\t\t\t<\/div>","protected":false},"excerpt":{"rendered":"<p>FORMATION 3 Formation Risques Psychosociaux (RPS) Une formation compl\u00e8te pour acqu\u00e9rir des comp\u00e9tences et connaissances solides sur la gestion des risques psychosociaux \u00e0 l&rsquo;\u00e9chelle de votre organisation 1 JOUR 7 MODULES 8 EXERCICES 1 EVALUATION 1 ATTESTATION Description Une formation RPS approfondie des risques psychosociaux (RPS). Chaque module apportera aux apprenants des connaissances sp\u00e9cifiques sur [&hellip;]<\/p>","protected":false},"author":8,"featured_media":0,"parent":0,"menu_order":0,"comment_status":"closed","ping_status":"closed","template":"","meta":{"footnotes":""},"class_list":["post-5097","page","type-page","status-publish","hentry"],"yoast_head":"<!-- This site is optimized with the Yoast SEO plugin v26.8 - https:\/\/yoast.com\/product\/yoast-seo-wordpress\/ -->\n<title>Training - RPS<\/title>\n<meta name=\"description\" content=\"Une formation RPS compl\u00e8te pour acqu\u00e9rir des comp\u00e9tences et connaissances solides sur la gestion des risques psychosociaux.\" \/>\n<meta name=\"robots\" content=\"index, follow, max-snippet:-1, max-image-preview:large, max-video-preview:-1\" \/>\n<link rel=\"canonical\" href=\"https:\/\/www.welbees.com\/en\/training-rps-2\/\" \/>\n<meta property=\"og:locale\" content=\"en_US\" \/>\n<meta property=\"og:type\" content=\"article\" \/>\n<meta property=\"og:title\" content=\"Training - RPS\" \/>\n<meta property=\"og:description\" content=\"Une formation RPS compl\u00e8te pour acqu\u00e9rir des comp\u00e9tences et connaissances solides sur la gestion des risques psychosociaux.\" \/>\n<meta property=\"og:url\" content=\"https:\/\/www.welbees.com\/en\/training-rps-2\/\" \/>\n<meta property=\"og:site_name\" content=\"Welbees\" \/>\n<meta property=\"article:modified_time\" content=\"2026-04-09T09:54:41+00:00\" \/>\n<meta name=\"twitter:card\" content=\"summary_large_image\" \/>\n<meta name=\"twitter:label1\" content=\"Est. reading time\" \/>\n\t<meta name=\"twitter:data1\" content=\"2 minutes\" \/>\n<script type=\"application\/ld+json\" class=\"yoast-schema-graph\">{\"@context\":\"https:\/\/schema.org\",\"@graph\":[{\"@type\":\"WebPage\",\"@id\":\"https:\/\/www.welbees.com\/training-rps-2\/\",\"url\":\"https:\/\/www.welbees.com\/training-rps-2\/\",\"name\":\"Training - RPS\",\"isPartOf\":{\"@id\":\"https:\/\/www.welbees.com\/#website\"},\"datePublished\":\"2022-12-07T08:47:11+00:00\",\"dateModified\":\"2026-04-09T09:54:41+00:00\",\"description\":\"Une formation RPS compl\u00e8te pour acqu\u00e9rir des comp\u00e9tences et connaissances solides sur la gestion des risques psychosociaux.\",\"inLanguage\":\"en-US\",\"potentialAction\":[{\"@type\":\"ReadAction\",\"target\":[\"https:\/\/www.welbees.com\/training-rps-2\/\"]}]},{\"@type\":\"WebSite\",\"@id\":\"https:\/\/www.welbees.com\/#website\",\"url\":\"https:\/\/www.welbees.com\/\",\"name\":\"Welbees\",\"description\":\"BROADEN KNOWLEDGE FOR SAFER WORK\",\"publisher\":{\"@id\":\"https:\/\/www.welbees.com\/#organization\"},\"potentialAction\":[{\"@type\":\"SearchAction\",\"target\":{\"@type\":\"EntryPoint\",\"urlTemplate\":\"https:\/\/www.welbees.com\/?s={search_term_string}\"},\"query-input\":{\"@type\":\"PropertyValueSpecification\",\"valueRequired\":true,\"valueName\":\"search_term_string\"}}],\"inLanguage\":\"en-US\"},{\"@type\":\"Organization\",\"@id\":\"https:\/\/www.welbees.com\/#organization\",\"name\":\"Welbees\",\"url\":\"https:\/\/www.welbees.com\/\",\"logo\":{\"@type\":\"ImageObject\",\"inLanguage\":\"en-US\",\"@id\":\"https:\/\/www.welbees.com\/#\/schema\/logo\/image\/\",\"url\":\"https:\/\/www.welbees.com\/wp-content\/uploads\/2022\/06\/cropped-image00005.png\",\"contentUrl\":\"https:\/\/www.welbees.com\/wp-content\/uploads\/2022\/06\/cropped-image00005.png\",\"width\":1867,\"height\":533,\"caption\":\"Welbees\"},\"image\":{\"@id\":\"https:\/\/www.welbees.com\/#\/schema\/logo\/image\/\"}}]}<\/script>\n<!-- \/ Yoast SEO plugin. -->","yoast_head_json":{"title":"Training - RPS","description":"Une formation RPS compl\u00e8te pour acqu\u00e9rir des comp\u00e9tences et connaissances solides sur la gestion des risques psychosociaux.","robots":{"index":"index","follow":"follow","max-snippet":"max-snippet:-1","max-image-preview":"max-image-preview:large","max-video-preview":"max-video-preview:-1"},"canonical":"https:\/\/www.welbees.com\/en\/training-rps-2\/","og_locale":"en_US","og_type":"article","og_title":"Training - RPS","og_description":"Une formation RPS compl\u00e8te pour acqu\u00e9rir des comp\u00e9tences et connaissances solides sur la gestion des risques psychosociaux.","og_url":"https:\/\/www.welbees.com\/en\/training-rps-2\/","og_site_name":"Welbees","article_modified_time":"2026-04-09T09:54:41+00:00","twitter_card":"summary_large_image","twitter_misc":{"Est. reading time":"2 minutes"},"schema":{"@context":"https:\/\/schema.org","@graph":[{"@type":"WebPage","@id":"https:\/\/www.welbees.com\/training-rps-2\/","url":"https:\/\/www.welbees.com\/training-rps-2\/","name":"Training - RPS","isPartOf":{"@id":"https:\/\/www.welbees.com\/#website"},"datePublished":"2022-12-07T08:47:11+00:00","dateModified":"2026-04-09T09:54:41+00:00","description":"Une formation RPS compl\u00e8te pour acqu\u00e9rir des comp\u00e9tences et connaissances solides sur la gestion des risques psychosociaux.","inLanguage":"en-US","potentialAction":[{"@type":"ReadAction","target":["https:\/\/www.welbees.com\/training-rps-2\/"]}]},{"@type":"WebSite","@id":"https:\/\/www.welbees.com\/#website","url":"https:\/\/www.welbees.com\/","name":"Welbees","description":"BROADEN KNOWLEDGE FOR SAFER WORK","publisher":{"@id":"https:\/\/www.welbees.com\/#organization"},"potentialAction":[{"@type":"SearchAction","target":{"@type":"EntryPoint","urlTemplate":"https:\/\/www.welbees.com\/?s={search_term_string}"},"query-input":{"@type":"PropertyValueSpecification","valueRequired":true,"valueName":"search_term_string"}}],"inLanguage":"en-US"},{"@type":"Organization","@id":"https:\/\/www.welbees.com\/#organization","name":"Welbees","url":"https:\/\/www.welbees.com\/","logo":{"@type":"ImageObject","inLanguage":"en-US","@id":"https:\/\/www.welbees.com\/#\/schema\/logo\/image\/","url":"https:\/\/www.welbees.com\/wp-content\/uploads\/2022\/06\/cropped-image00005.png","contentUrl":"https:\/\/www.welbees.com\/wp-content\/uploads\/2022\/06\/cropped-image00005.png","width":1867,"height":533,"caption":"Welbees"},"image":{"@id":"https:\/\/www.welbees.com\/#\/schema\/logo\/image\/"}}]}},"_links":{"self":[{"href":"https:\/\/www.welbees.com\/en\/wp-json\/wp\/v2\/pages\/5097","targetHints":{"allow":["GET"]}}],"collection":[{"href":"https:\/\/www.welbees.com\/en\/wp-json\/wp\/v2\/pages"}],"about":[{"href":"https:\/\/www.welbees.com\/en\/wp-json\/wp\/v2\/types\/page"}],"author":[{"embeddable":true,"href":"https:\/\/www.welbees.com\/en\/wp-json\/wp\/v2\/users\/8"}],"replies":[{"embeddable":true,"href":"https:\/\/www.welbees.com\/en\/wp-json\/wp\/v2\/comments?post=5097"}],"version-history":[{"count":37,"href":"https:\/\/www.welbees.com\/en\/wp-json\/wp\/v2\/pages\/5097\/revisions"}],"predecessor-version":[{"id":11738,"href":"https:\/\/www.welbees.com\/en\/wp-json\/wp\/v2\/pages\/5097\/revisions\/11738"}],"wp:attachment":[{"href":"https:\/\/www.welbees.com\/en\/wp-json\/wp\/v2\/media?parent=5097"}],"curies":[{"name":"wp","href":"https:\/\/api.w.org\/{rel}","templated":true}]}}