{"id":5686,"date":"2023-02-22T11:24:17","date_gmt":"2023-02-22T10:24:17","guid":{"rendered":"https:\/\/www.welbees.com\/?page_id=5686"},"modified":"2025-09-29T10:29:56","modified_gmt":"2025-09-29T08:29:56","slug":"consulting-diagnostic","status":"publish","type":"page","link":"https:\/\/www.welbees.com\/en\/consulting-diagnostic\/","title":{"rendered":"Consulting &#8211; Diagnostic"},"content":{"rendered":"<div data-elementor-type=\"wp-page\" data-elementor-id=\"5686\" class=\"elementor elementor-5686\">\n\t\t\t\t\t\t<div class=\"elementor-inner\">\n\t\t\t\t<div class=\"elementor-section-wrap\">\n\t\t\t\t\t\t\t\t\t<section class=\"elementor-section elementor-top-section elementor-element elementor-element-757de2c elementor-section-boxed elementor-section-height-default elementor-section-height-default jltma-glass-effect-no\" data-id=\"757de2c\" data-element_type=\"section\" data-settings=\"{&quot;background_background&quot;:&quot;classic&quot;}\">\n\t\t\t\t\t\t\t<div class=\"elementor-background-overlay\"><\/div>\n\t\t\t\t\t\t\t<div class=\"elementor-container elementor-column-gap-default\">\n\t\t\t\t\t\t\t<div class=\"elementor-row\">\n\t\t\t\t\t<div class=\"elementor-column elementor-col-100 elementor-top-column elementor-element elementor-element-6589e04 jltma-glass-effect-no\" data-id=\"6589e04\" data-element_type=\"column\" data-settings=\"{&quot;background_background&quot;:&quot;classic&quot;}\">\n\t\t\t<div class=\"elementor-column-wrap elementor-element-populated\">\n\t\t\t\t\t<div class=\"elementor-background-overlay\"><\/div>\n\t\t\t\t\t\t\t<div class=\"elementor-widget-wrap\">\n\t\t\t\t\t\t<div class=\"elementor-element elementor-element-841ac01 jltma-glass-effect-no elementor-widget elementor-widget-menu-anchor\" data-id=\"841ac01\" data-element_type=\"widget\" data-widget_type=\"menu-anchor.default\">\n\t\t\t\t<div class=\"elementor-widget-container\">\n\t\t\t\t\t<div id=\"CONSEIL2\" class=\"elementor-menu-anchor\"><\/div>\n\t\t\t\t<\/div>\n\t\t\t\t<\/div>\n\t\t\t\t<div class=\"elementor-element elementor-element-a5d41c7 jltma-glass-effect-no elementor-widget elementor-widget-spacer\" data-id=\"a5d41c7\" data-element_type=\"widget\" data-widget_type=\"spacer.default\">\n\t\t\t\t<div class=\"elementor-widget-container\">\n\t\t\t\t\t<div class=\"elementor-spacer\">\n\t\t\t<div class=\"elementor-spacer-inner\"><\/div>\n\t\t<\/div>\n\t\t\t\t<\/div>\n\t\t\t\t<\/div>\n\t\t\t\t<div class=\"elementor-element elementor-element-938cda8 jltma-glass-effect-no elementor-widget elementor-widget-heading\" data-id=\"938cda8\" data-element_type=\"widget\" data-widget_type=\"heading.default\">\n\t\t\t\t<div class=\"elementor-widget-container\">\n\t\t\t<h2 class=\"elementor-heading-title elementor-size-default\">FRMS Diagnostic service<\/h2>\t\t<\/div>\n\t\t\t\t<\/div>\n\t\t\t\t<div class=\"elementor-element elementor-element-2f156d3 elementor-widget-divider--view-line jltma-glass-effect-no elementor-widget elementor-widget-divider\" data-id=\"2f156d3\" data-element_type=\"widget\" data-widget_type=\"divider.default\">\n\t\t\t\t<div class=\"elementor-widget-container\">\n\t\t\t\t\t<div class=\"elementor-divider\">\n\t\t\t<span class=\"elementor-divider-separator\">\n\t\t\t\t\t\t<\/span>\n\t\t<\/div>\n\t\t\t\t<\/div>\n\t\t\t\t<\/div>\n\t\t\t\t<div class=\"elementor-element elementor-element-8b2e2c0 jltma-glass-effect-no elementor-widget elementor-widget-heading\" data-id=\"8b2e2c0\" data-element_type=\"widget\" data-widget_type=\"heading.default\">\n\t\t\t\t<div class=\"elementor-widget-container\">\n\t\t\t<h1 class=\"elementor-heading-title elementor-size-default\">Analysis of work schedules and work rhythms<\/h1>\t\t<\/div>\n\t\t\t\t<\/div>\n\t\t\t\t\t\t<\/div>\n\t\t\t\t\t<\/div>\n\t\t<\/div>\n\t\t\t\t\t\t\t\t<\/div>\n\t\t\t\t\t<\/div>\n\t\t<\/section>\n\t\t\t\t<section class=\"elementor-section elementor-top-section elementor-element elementor-element-0798a95 elementor-section-boxed elementor-section-height-default elementor-section-height-default jltma-glass-effect-no\" data-id=\"0798a95\" data-element_type=\"section\">\n\t\t\t\t\t\t<div class=\"elementor-container elementor-column-gap-default\">\n\t\t\t\t\t\t\t<div class=\"elementor-row\">\n\t\t\t\t\t<div class=\"elementor-column elementor-col-100 elementor-top-column elementor-element elementor-element-7db6f9d jltma-glass-effect-no\" data-id=\"7db6f9d\" data-element_type=\"column\">\n\t\t\t<div class=\"elementor-column-wrap elementor-element-populated\">\n\t\t\t\t\t\t\t<div class=\"elementor-widget-wrap\">\n\t\t\t\t\t\t<div class=\"elementor-element elementor-element-c365b57 jltma-glass-effect-no elementor-widget elementor-widget-toggle\" data-id=\"c365b57\" data-element_type=\"widget\" data-widget_type=\"toggle.default\">\n\t\t\t\t<div class=\"elementor-widget-container\">\n\t\t\t\t\t<div class=\"elementor-toggle\" role=\"tablist\">\n\t\t\t\t\t\t\t<div class=\"elementor-toggle-item\">\n\t\t\t\t\t<div id=\"elementor-tab-title-2041\" class=\"elementor-tab-title\" data-tab=\"1\" role=\"tab\" aria-controls=\"elementor-tab-content-2041\" aria-expanded=\"false\">\n\t\t\t\t\t\t\t\t\t\t\t\t<span class=\"elementor-toggle-icon elementor-toggle-icon-left\" aria-hidden=\"true\">\n\t\t\t\t\t\t\t\t\t\t\t\t\t\t\t<span class=\"elementor-toggle-icon-closed\"><i class=\"fas fa-caret-right\"><\/i><\/span>\n\t\t\t\t\t\t\t\t<span class=\"elementor-toggle-icon-opened\"><i class=\"elementor-toggle-icon-opened fas fa-caret-up\"><\/i><\/span>\n\t\t\t\t\t\t\t\t\t\t\t\t\t<\/span>\n\t\t\t\t\t\t\t\t\t\t\t\t<a href=\"\" class=\"elementor-toggle-title\">Elements analysed: fatiguing plannings?<\/a>\n\t\t\t\t\t<\/div>\n\n\t\t\t\t\t<div id=\"elementor-tab-content-2041\" class=\"elementor-tab-content elementor-clearfix\" data-tab=\"1\" role=\"tabpanel\" aria-labelledby=\"elementor-tab-title-2041\"><p>The design of schedules can have an impact on employee fatigue. In order to assess this impact and to identify the most critical aspects of scheduling, an expert analysis based on scientific criteria is carried out.<\/p><p>The components of your organisation's schedules:<\/p><ul><li>length of shifts<\/li><li>break time<\/li><li>sequence of shifts<\/li><li>start times of shifts<\/li><\/ul><p><br \/>Depending on the variability of your company's schedules, we conduct an <strong>analysis over periods ranging from a few weeks to several months.<\/strong><\/p><\/div>\n\t\t\t\t<\/div>\n\t\t\t\t\t\t\t<div class=\"elementor-toggle-item\">\n\t\t\t\t\t<div id=\"elementor-tab-title-2042\" class=\"elementor-tab-title\" data-tab=\"2\" role=\"tab\" aria-controls=\"elementor-tab-content-2042\" aria-expanded=\"false\">\n\t\t\t\t\t\t\t\t\t\t\t\t<span class=\"elementor-toggle-icon elementor-toggle-icon-left\" aria-hidden=\"true\">\n\t\t\t\t\t\t\t\t\t\t\t\t\t\t\t<span class=\"elementor-toggle-icon-closed\"><i class=\"fas fa-caret-right\"><\/i><\/span>\n\t\t\t\t\t\t\t\t<span class=\"elementor-toggle-icon-opened\"><i class=\"elementor-toggle-icon-opened fas fa-caret-up\"><\/i><\/span>\n\t\t\t\t\t\t\t\t\t\t\t\t\t<\/span>\n\t\t\t\t\t\t\t\t\t\t\t\t<a href=\"\" class=\"elementor-toggle-title\">Methodology: planning analysis<\/a>\n\t\t\t\t\t<\/div>\n\n\t\t\t\t\t<div id=\"elementor-tab-content-2042\" class=\"elementor-tab-content elementor-clearfix\" data-tab=\"2\" role=\"tabpanel\" aria-labelledby=\"elementor-tab-title-2042\"><p>Based on our experience with different industries <strong>we have developed TimeWiks, our own methodology for analysing schedules<\/strong>\u00a0to mathematically predict the fatigue risk associated with its operation.<\/p><ul><li><strong>Quantitative analysis<\/strong> of schedules over a long period<\/li><li><strong>Qualitative analysis<\/strong> of critical periods by our consultants<\/li><li><strong>Analysis of the procedures and methodology<\/strong> sed for the construction of schedules (rules, prioritisation, organisation, software, etc.)<\/li><\/ul><p>\u00a0<\/p><p>Compared to existing solutions (SAFE, SAFTE-FAST...) which are based on generic algorithms, the tool developed by Welbees allows the generation of company-specific predictions. Its principle is based on data collection campaigns carried out using a smartphone application. \nOnce a sufficient amount of data has been collected, a statistical prediction is generated to be used by the company to assess the fatigue risk associated with its rotations. \nThis prediction is presented along with other indicators in a dashboard accessible by the company on a secure web interface. \nAnother advantage of the TimeWiks tool over existing models is that an individual prediction is also provided to employees prior to rotations, thus facilitating their preparation. The tool will be parameterized according to the company's organisational specificities (long haul, reduced rest, etc.).<\/p><p>L\u2019autre avantage de l\u2019outil TimeWiks par rapport aux mod\u00e8les existants est qu\u2019une pr\u00e9diction individuelle est \u00e9galement fournie aux employ\u00e9s avant les rotations, facilitant ainsi leur pr\u00e9paration. L\u2019outil sera param\u00e9tr\u00e9 en fonction des sp\u00e9cificit\u00e9s organisationnelles de la compagnie (long courrier, repos r\u00e9duits, etc.).<\/p><\/div>\n\t\t\t\t<\/div>\n\t\t\t\t\t\t\t<div class=\"elementor-toggle-item\">\n\t\t\t\t\t<div id=\"elementor-tab-title-2043\" class=\"elementor-tab-title\" data-tab=\"3\" role=\"tab\" aria-controls=\"elementor-tab-content-2043\" aria-expanded=\"false\">\n\t\t\t\t\t\t\t\t\t\t\t\t<span class=\"elementor-toggle-icon elementor-toggle-icon-left\" aria-hidden=\"true\">\n\t\t\t\t\t\t\t\t\t\t\t\t\t\t\t<span class=\"elementor-toggle-icon-closed\"><i class=\"fas fa-caret-right\"><\/i><\/span>\n\t\t\t\t\t\t\t\t<span class=\"elementor-toggle-icon-opened\"><i class=\"elementor-toggle-icon-opened fas fa-caret-up\"><\/i><\/span>\n\t\t\t\t\t\t\t\t\t\t\t\t\t<\/span>\n\t\t\t\t\t\t\t\t\t\t\t\t<a href=\"\" class=\"elementor-toggle-title\">Deliverables: towards a better schedule management<\/a>\n\t\t\t\t\t<\/div>\n\n\t\t\t\t\t<div id=\"elementor-tab-content-2043\" class=\"elementor-tab-content elementor-clearfix\" data-tab=\"3\" role=\"tabpanel\" aria-labelledby=\"elementor-tab-title-2043\"><ul>\n<li><strong>Highlighting<\/strong> shifts and shift sequences in schedules that generate fatigue<\/li>\n<li><strong>Identification of organisational factors<\/strong> that contribute to a significant level of risk associated with fatigue<\/li>\n<li>Audit of planning methods<\/li>\n<li><strong>Recommendations for improving the construction of schedules<\/strong> and a list of the main schedule-related contributing factors that have an impact on employee fatigue<\/li>\n<\/ul><\/div>\n\t\t\t\t<\/div>\n\t\t\t\t\t\t\t\t<\/div>\n\t\t\t\t<\/div>\n\t\t\t\t<\/div>\n\t\t\t\t<div class=\"elementor-element elementor-element-148bf35 elementor-align-center jltma-glass-effect-no elementor-widget elementor-widget-button\" data-id=\"148bf35\" data-element_type=\"widget\" data-widget_type=\"button.default\">\n\t\t\t\t<div class=\"elementor-widget-container\">\n\t\t\t\t\t<div class=\"elementor-button-wrapper\">\n\t\t\t<a href=\"https:\/\/www.welbees.com\/en\/home\/fr\/#contactfr\" class=\"elementor-button-link elementor-button elementor-size-sm\" role=\"button\" id=\"Small_red_CTA\">\n\t\t\t\t\t\t<span class=\"elementor-button-content-wrapper\">\n\t\t\t\t\t\t<span class=\"elementor-button-text\">Schedule a call<\/span>\n\t\t<\/span>\n\t\t\t\t\t<\/a>\n\t\t<\/div>\n\t\t\t\t<\/div>\n\t\t\t\t<\/div>\n\t\t\t\t\t\t<\/div>\n\t\t\t\t\t<\/div>\n\t\t<\/div>\n\t\t\t\t\t\t\t\t<\/div>\n\t\t\t\t\t<\/div>\n\t\t<\/section>\n\t\t\t\t\t\t\t\t\t<\/div>\n\t\t\t<\/div>\n\t\t\t\t\t<\/div>","protected":false},"excerpt":{"rendered":"<p>Prestation Diagnostic SGRF Analyses des plannings et des rythmes de travail El\u00e9ments analys\u00e9s : des plannings trop fatigants ? La conception des plannings peut avoir un impact sur la fatigue des employ\u00e9s. Afin d\u2019\u00e9valuer cet impact et d\u2019identifier les aspects les plus critiques parmi les plannings, une analyse d\u2019experts bas\u00e9e sur des crit\u00e8res scientifiques est [&hellip;]<\/p>","protected":false},"author":8,"featured_media":0,"parent":0,"menu_order":0,"comment_status":"closed","ping_status":"closed","template":"","meta":{"footnotes":""},"class_list":["post-5686","page","type-page","status-publish","hentry"],"yoast_head":"<!-- This site is optimized with the Yoast SEO plugin v26.8 - https:\/\/yoast.com\/product\/yoast-seo-wordpress\/ -->\n<title>Consulting - Diagnostic<\/title>\n<meta name=\"description\" content=\"Evaluation de fatigue : L&#039;objectif est de r\u00e9aliser un diagnostic approfondi des indicateurs de fatigue et proposer des recommandations\" \/>\n<meta name=\"robots\" content=\"index, follow, max-snippet:-1, max-image-preview:large, max-video-preview:-1\" \/>\n<link rel=\"canonical\" href=\"https:\/\/www.welbees.com\/en\/consulting-diagnostic\/\" \/>\n<meta property=\"og:locale\" content=\"en_US\" \/>\n<meta property=\"og:type\" content=\"article\" \/>\n<meta property=\"og:title\" content=\"Consulting - Diagnostic\" \/>\n<meta property=\"og:description\" content=\"Evaluation de fatigue : L&#039;objectif est de r\u00e9aliser un diagnostic approfondi des indicateurs de fatigue et proposer des recommandations\" \/>\n<meta property=\"og:url\" content=\"https:\/\/www.welbees.com\/en\/consulting-diagnostic\/\" \/>\n<meta property=\"og:site_name\" content=\"Welbees\" \/>\n<meta property=\"article:modified_time\" content=\"2025-09-29T08:29:56+00:00\" \/>\n<meta name=\"twitter:card\" content=\"summary_large_image\" \/>\n<meta name=\"twitter:label1\" content=\"Est. reading time\" \/>\n\t<meta name=\"twitter:data1\" content=\"2 minutes\" \/>\n<script type=\"application\/ld+json\" class=\"yoast-schema-graph\">{\"@context\":\"https:\/\/schema.org\",\"@graph\":[{\"@type\":\"WebPage\",\"@id\":\"https:\/\/www.welbees.com\/consulting-diagnostic\/\",\"url\":\"https:\/\/www.welbees.com\/consulting-diagnostic\/\",\"name\":\"Consulting - Diagnostic\",\"isPartOf\":{\"@id\":\"https:\/\/www.welbees.com\/#website\"},\"datePublished\":\"2023-02-22T10:24:17+00:00\",\"dateModified\":\"2025-09-29T08:29:56+00:00\",\"description\":\"Evaluation de fatigue : L'objectif est de r\u00e9aliser un diagnostic approfondi des indicateurs de fatigue et proposer des recommandations\",\"inLanguage\":\"en-US\",\"potentialAction\":[{\"@type\":\"ReadAction\",\"target\":[\"https:\/\/www.welbees.com\/consulting-diagnostic\/\"]}]},{\"@type\":\"WebSite\",\"@id\":\"https:\/\/www.welbees.com\/#website\",\"url\":\"https:\/\/www.welbees.com\/\",\"name\":\"Welbees\",\"description\":\"BROADEN KNOWLEDGE FOR SAFER WORK\",\"publisher\":{\"@id\":\"https:\/\/www.welbees.com\/#organization\"},\"potentialAction\":[{\"@type\":\"SearchAction\",\"target\":{\"@type\":\"EntryPoint\",\"urlTemplate\":\"https:\/\/www.welbees.com\/?s={search_term_string}\"},\"query-input\":{\"@type\":\"PropertyValueSpecification\",\"valueRequired\":true,\"valueName\":\"search_term_string\"}}],\"inLanguage\":\"en-US\"},{\"@type\":\"Organization\",\"@id\":\"https:\/\/www.welbees.com\/#organization\",\"name\":\"Welbees\",\"url\":\"https:\/\/www.welbees.com\/\",\"logo\":{\"@type\":\"ImageObject\",\"inLanguage\":\"en-US\",\"@id\":\"https:\/\/www.welbees.com\/#\/schema\/logo\/image\/\",\"url\":\"https:\/\/www.welbees.com\/wp-content\/uploads\/2022\/06\/cropped-image00005.png\",\"contentUrl\":\"https:\/\/www.welbees.com\/wp-content\/uploads\/2022\/06\/cropped-image00005.png\",\"width\":1867,\"height\":533,\"caption\":\"Welbees\"},\"image\":{\"@id\":\"https:\/\/www.welbees.com\/#\/schema\/logo\/image\/\"}}]}<\/script>\n<!-- \/ Yoast SEO plugin. -->","yoast_head_json":{"title":"Consulting - Diagnostic","description":"Evaluation de fatigue : L'objectif est de r\u00e9aliser un diagnostic approfondi des indicateurs de fatigue et proposer des recommandations","robots":{"index":"index","follow":"follow","max-snippet":"max-snippet:-1","max-image-preview":"max-image-preview:large","max-video-preview":"max-video-preview:-1"},"canonical":"https:\/\/www.welbees.com\/en\/consulting-diagnostic\/","og_locale":"en_US","og_type":"article","og_title":"Consulting - Diagnostic","og_description":"Evaluation de fatigue : L'objectif est de r\u00e9aliser un diagnostic approfondi des indicateurs de fatigue et proposer des recommandations","og_url":"https:\/\/www.welbees.com\/en\/consulting-diagnostic\/","og_site_name":"Welbees","article_modified_time":"2025-09-29T08:29:56+00:00","twitter_card":"summary_large_image","twitter_misc":{"Est. reading time":"2 minutes"},"schema":{"@context":"https:\/\/schema.org","@graph":[{"@type":"WebPage","@id":"https:\/\/www.welbees.com\/consulting-diagnostic\/","url":"https:\/\/www.welbees.com\/consulting-diagnostic\/","name":"Consulting - Diagnostic","isPartOf":{"@id":"https:\/\/www.welbees.com\/#website"},"datePublished":"2023-02-22T10:24:17+00:00","dateModified":"2025-09-29T08:29:56+00:00","description":"Evaluation de fatigue : L'objectif est de r\u00e9aliser un diagnostic approfondi des indicateurs de fatigue et proposer des recommandations","inLanguage":"en-US","potentialAction":[{"@type":"ReadAction","target":["https:\/\/www.welbees.com\/consulting-diagnostic\/"]}]},{"@type":"WebSite","@id":"https:\/\/www.welbees.com\/#website","url":"https:\/\/www.welbees.com\/","name":"Welbees","description":"BROADEN KNOWLEDGE FOR SAFER WORK","publisher":{"@id":"https:\/\/www.welbees.com\/#organization"},"potentialAction":[{"@type":"SearchAction","target":{"@type":"EntryPoint","urlTemplate":"https:\/\/www.welbees.com\/?s={search_term_string}"},"query-input":{"@type":"PropertyValueSpecification","valueRequired":true,"valueName":"search_term_string"}}],"inLanguage":"en-US"},{"@type":"Organization","@id":"https:\/\/www.welbees.com\/#organization","name":"Welbees","url":"https:\/\/www.welbees.com\/","logo":{"@type":"ImageObject","inLanguage":"en-US","@id":"https:\/\/www.welbees.com\/#\/schema\/logo\/image\/","url":"https:\/\/www.welbees.com\/wp-content\/uploads\/2022\/06\/cropped-image00005.png","contentUrl":"https:\/\/www.welbees.com\/wp-content\/uploads\/2022\/06\/cropped-image00005.png","width":1867,"height":533,"caption":"Welbees"},"image":{"@id":"https:\/\/www.welbees.com\/#\/schema\/logo\/image\/"}}]}},"_links":{"self":[{"href":"https:\/\/www.welbees.com\/en\/wp-json\/wp\/v2\/pages\/5686","targetHints":{"allow":["GET"]}}],"collection":[{"href":"https:\/\/www.welbees.com\/en\/wp-json\/wp\/v2\/pages"}],"about":[{"href":"https:\/\/www.welbees.com\/en\/wp-json\/wp\/v2\/types\/page"}],"author":[{"embeddable":true,"href":"https:\/\/www.welbees.com\/en\/wp-json\/wp\/v2\/users\/8"}],"replies":[{"embeddable":true,"href":"https:\/\/www.welbees.com\/en\/wp-json\/wp\/v2\/comments?post=5686"}],"version-history":[{"count":23,"href":"https:\/\/www.welbees.com\/en\/wp-json\/wp\/v2\/pages\/5686\/revisions"}],"predecessor-version":[{"id":11204,"href":"https:\/\/www.welbees.com\/en\/wp-json\/wp\/v2\/pages\/5686\/revisions\/11204"}],"wp:attachment":[{"href":"https:\/\/www.welbees.com\/en\/wp-json\/wp\/v2\/media?parent=5686"}],"curies":[{"name":"wp","href":"https:\/\/api.w.org\/{rel}","templated":true}]}}