{"id":6139,"date":"2023-09-12T15:24:23","date_gmt":"2023-09-12T13:24:23","guid":{"rendered":"https:\/\/www.welbees.com\/?page_id=6139"},"modified":"2025-09-29T10:38:03","modified_gmt":"2025-09-29T08:38:03","slug":"welbees-story","status":"publish","type":"page","link":"https:\/\/www.welbees.com\/en\/welbees-story\/","title":{"rendered":"Story of Welbees"},"content":{"rendered":"<div data-elementor-type=\"wp-page\" data-elementor-id=\"6139\" class=\"elementor elementor-6139\">\n\t\t\t\t\t\t<div class=\"elementor-inner\">\n\t\t\t\t<div class=\"elementor-section-wrap\">\n\t\t\t\t\t\t\t\t\t<section class=\"elementor-section elementor-top-section elementor-element elementor-element-800a364 elementor-section-boxed elementor-section-height-default elementor-section-height-default jltma-glass-effect-no\" data-id=\"800a364\" data-element_type=\"section\" data-settings=\"{&quot;background_background&quot;:&quot;classic&quot;}\">\n\t\t\t\t\t\t\t<div class=\"elementor-background-overlay\"><\/div>\n\t\t\t\t\t\t\t<div class=\"elementor-container elementor-column-gap-default\">\n\t\t\t\t\t\t\t<div class=\"elementor-row\">\n\t\t\t\t\t<div class=\"elementor-column elementor-col-100 elementor-top-column elementor-element elementor-element-9be5ea8 jltma-glass-effect-no\" data-id=\"9be5ea8\" data-element_type=\"column\" data-settings=\"{&quot;background_background&quot;:&quot;classic&quot;}\">\n\t\t\t<div class=\"elementor-column-wrap elementor-element-populated\">\n\t\t\t\t\t<div class=\"elementor-background-overlay\"><\/div>\n\t\t\t\t\t\t\t<div class=\"elementor-widget-wrap\">\n\t\t\t\t\t\t<div class=\"elementor-element elementor-element-e20779f jltma-glass-effect-no elementor-widget elementor-widget-menu-anchor\" data-id=\"e20779f\" data-element_type=\"widget\" data-widget_type=\"menu-anchor.default\">\n\t\t\t\t<div class=\"elementor-widget-container\">\n\t\t\t\t\t<div id=\"INSOMNIE\" class=\"elementor-menu-anchor\"><\/div>\n\t\t\t\t<\/div>\n\t\t\t\t<\/div>\n\t\t\t\t<div class=\"elementor-element elementor-element-ab4f356 jltma-glass-effect-no elementor-widget elementor-widget-spacer\" data-id=\"ab4f356\" data-element_type=\"widget\" data-widget_type=\"spacer.default\">\n\t\t\t\t<div class=\"elementor-widget-container\">\n\t\t\t\t\t<div class=\"elementor-spacer\">\n\t\t\t<div class=\"elementor-spacer-inner\"><\/div>\n\t\t<\/div>\n\t\t\t\t<\/div>\n\t\t\t\t<\/div>\n\t\t\t\t<div class=\"elementor-element elementor-element-95ca234 jltma-glass-effect-no elementor-widget elementor-widget-heading\" data-id=\"95ca234\" data-element_type=\"widget\" data-widget_type=\"heading.default\">\n\t\t\t\t<div class=\"elementor-widget-container\">\n\t\t\t<h1 class=\"elementor-heading-title elementor-size-default\">Welbees: Story of the compagny<\/h1>\t\t<\/div>\n\t\t\t\t<\/div>\n\t\t\t\t<div class=\"elementor-element elementor-element-c17848c elementor-widget-divider--view-line jltma-glass-effect-no elementor-widget elementor-widget-divider\" data-id=\"c17848c\" data-element_type=\"widget\" data-widget_type=\"divider.default\">\n\t\t\t\t<div class=\"elementor-widget-container\">\n\t\t\t\t\t<div class=\"elementor-divider\">\n\t\t\t<span class=\"elementor-divider-separator\">\n\t\t\t\t\t\t<\/span>\n\t\t<\/div>\n\t\t\t\t<\/div>\n\t\t\t\t<\/div>\n\t\t\t\t<div class=\"elementor-element elementor-element-463f4b6 jltma-glass-effect-no elementor-widget elementor-widget-spacer\" data-id=\"463f4b6\" data-element_type=\"widget\" data-widget_type=\"spacer.default\">\n\t\t\t\t<div class=\"elementor-widget-container\">\n\t\t\t\t\t<div class=\"elementor-spacer\">\n\t\t\t<div class=\"elementor-spacer-inner\"><\/div>\n\t\t<\/div>\n\t\t\t\t<\/div>\n\t\t\t\t<\/div>\n\t\t\t\t\t\t<\/div>\n\t\t\t\t\t<\/div>\n\t\t<\/div>\n\t\t\t\t\t\t\t\t<\/div>\n\t\t\t\t\t<\/div>\n\t\t<\/section>\n\t\t\t\t<section class=\"elementor-section elementor-top-section elementor-element elementor-element-cd223c7 elementor-section-boxed elementor-section-height-default elementor-section-height-default jltma-glass-effect-no\" data-id=\"cd223c7\" data-element_type=\"section\">\n\t\t\t\t\t\t<div class=\"elementor-container elementor-column-gap-default\">\n\t\t\t\t\t\t\t<div class=\"elementor-row\">\n\t\t\t\t\t<div class=\"elementor-column elementor-col-100 elementor-top-column elementor-element elementor-element-687275d jltma-glass-effect-no\" data-id=\"687275d\" data-element_type=\"column\">\n\t\t\t<div class=\"elementor-column-wrap elementor-element-populated\">\n\t\t\t\t\t\t\t<div class=\"elementor-widget-wrap\">\n\t\t\t\t\t\t<div class=\"elementor-element elementor-element-42d3f9d jltma-glass-effect-no elementor-widget elementor-widget-text-editor\" data-id=\"42d3f9d\" data-element_type=\"widget\" data-widget_type=\"text-editor.default\">\n\t\t\t\t<div class=\"elementor-widget-container\">\n\t\t\t\t\t\t\t\t<div class=\"elementor-text-editor elementor-clearfix\">\n\t\t\t\t<p>&nbsp; &nbsp; &nbsp; &nbsp;Welbees is a consultancy firm specialising in fatigue risk management for industries with staggered working hours. Its mission is to improve health, safety and performance in the workplace by tackling fatigue issues more effectively, in order to improve the way the workplace is organised.&nbsp;<\/p>\n<p><br><\/p>\n<p><b>Philippe and Viravanh \u2013 how they met&nbsp;<\/b><\/p>\n<p><span style=\"letter-spacing: 1.4px; color: var( --e-global-color-primary ); background-color: var( --e-global-color-75b0bb4 );\">&nbsp; &nbsp; &nbsp; &nbsp;<\/span>Viravanh Somvang and Philippe Cabon met in 2012 during a previous professional project. Their first collaboration was on a joint project to assess pilot workload for the certification of a new aircraft. This was followed by three years spent working together with airlines, particularly from 2014 as the new requirements on fatigue risk management for flight crews, due to come into force in 2016, approached.<\/p>\n<p>&nbsp; &nbsp; &nbsp; &nbsp;Philippe and Viravanh gradually developed their data collection and analysis methods in response to airlines\u2019 requests for fatigue risk management. Welbees was born in 2016, with the desire to stand on their own two feet and embark on an entrepreneurial adventure.&nbsp;<\/p>\n<p><br><\/p>\n<p><b>Philippe\u2019s profile<\/b><\/p>\n<p>&nbsp; &nbsp; &nbsp; &nbsp;Philippe Cabon is a scientific expert on sleep and fatigue. He holds a PhD in neuroscience and has over 25 years\u2019 experience in fatigue risk assessment. He has worked on various FRMS (Fatigue Risk Management System) projects for numerous airlines in France and abroad.&nbsp;<\/p>\n<p>He is at the core of Welbees, where he develops the training programme and contributes his scientific expertise to consultancy projects. He is also at the forefront of customer contact, identifying clients\u2019 needs and offering the most appropriate support.&nbsp;<\/p>\n<p><br><\/p>\n<p><b>Viravanh\u2019s profile<\/b><\/p>\n<p><span style=\"letter-spacing: 1.4px; color: var( --e-global-color-primary ); background-color: var( --e-global-color-75b0bb4 );\">&nbsp; &nbsp; &nbsp; &nbsp;<\/span>Viravanh Somvang is an aeronautical engineer specialising in Human Factors. She has been working closely with Philippe Cabon for over 10 years on fatigue risk management for the aviation industry. She has carried out various consultancy projects and run training courses on fatigue risk management for a large number of airlines. Viravanh is an expert in fatigue modelling and prediction, including chronobiological analysis of work schedules.&nbsp;<\/p>\n<p><span style=\"letter-spacing: 1.4px; color: var( --e-global-color-primary ); background-color: var( --e-global-color-75b0bb4 );\">&nbsp; &nbsp; &nbsp; &nbsp;<\/span>As CEO (Chief Executive Officer) of Welbees, she is in charge of the company\u2019s administrative and legal responsibilities (financial management, general organisation, recruitment, etc.). She is highly involved in consultancy projects, where she oversees the various tasks needed to manage and organise resources. In coordination with Philippe, she also runs business development.&nbsp;<\/p>\n<p><span style=\"letter-spacing: 1.4px; color: var( --e-global-color-primary ); background-color: var( --e-global-color-75b0bb4 );\">&nbsp; &nbsp; &nbsp; &nbsp;<\/span>As PO (Product Owner) of TimeWiks, the tool brand of the parent company Welbees, she is involved in the development of the various tools, from the specification (detailed list of functionalities) to the fatigue modelling algorithm.&nbsp;<\/p>\n<p><br><\/p>\n<p><b>Welbees: the start-up&nbsp;<\/b><\/p>\n<p><span style=\"letter-spacing: 1.4px; color: var( --e-global-color-primary ); background-color: var( --e-global-color-75b0bb4 );\">&nbsp; &nbsp; &nbsp; &nbsp;<\/span>Welbees was created in February 2016 by two complementary profiles with the shared ambition of helping companies in the transport industry to better manage the risks associated with employee fatigue. Their objective: to prevent the risk of fatigue through better workplace organisation, by combining human sciences and data science.&nbsp;<\/p>\n<p><span>&nbsp;<\/span><\/p>\n<table border=\"1\" cellspacing=\"0\" cellpadding=\"0\" style=\"border: none;\">\n<tbody>\n<tr>\n<td width=\"604\" valign=\"top\" style=\"width: 453.1pt; border-width: 1pt; border-color: windowtext; padding: 0cm 5.4pt;\">\n<p style=\"margin-bottom: 0cm; line-height: normal;\"><span>&nbsp;<\/span><\/p>\n<p style=\"margin-bottom: 0cm; line-height: normal;\"><span><b>Did you know that\u2026<o:p><\/o:p><\/b><\/span><\/p>\n<p style=\"margin-bottom: 0cm; line-height: normal;\"><span>&nbsp;<\/span><\/p>\n<p style=\"margin-bottom: 0cm; line-height: normal;\"><span><i>Welbees comes from \u00ab bees \u00bb, which\nevokes bees\u2019 particular value to nature and their collective intelligence,\nrecalling the company\u2019s work on work-related fatigue. The founders quickly\nassociated it with the notion of well-being, a central theme in their work.<o:p><\/o:p><\/i><\/span><\/p>\n<p style=\"margin-bottom: 0cm; line-height: normal;\"><span>&nbsp;<\/span><\/p>\n<\/td>\n<\/tr>\n<\/tbody>\n<\/table>\n<p><br><\/p>\n<p>&nbsp; &nbsp; &nbsp; &nbsp;Viravanh and Philippe have developed a unique scientific approach at the crossroads of data science and risk analysis: innovative, collaborative management of work organisation, enabling companies to identify and prioritise their field actions.&nbsp;<\/p>\n<p><o:p>&nbsp;<\/o:p><\/p>\n<table border=\"1\" cellspacing=\"0\" cellpadding=\"0\" style=\"border: none;\">\n<tbody>\n<tr>\n<td width=\"604\" valign=\"top\" style=\"width: 453.1pt; border-width: 1pt; border-color: windowtext; padding: 0cm 5.4pt;\">\n<p style=\"margin-bottom: 0cm; line-height: normal;\"><b>&nbsp;<\/b><\/p>\n<p style=\"margin-bottom: 0cm; line-height: normal;\"><b>What does Welbees mean to you? <o:p><\/o:p><\/b><\/p>\n<p style=\"margin-bottom: 0cm; line-height: normal;\"><b>&nbsp;<\/b><\/p>\n<p style=\"margin-bottom: 0cm; line-height: normal;\">Philippe\u00a0:&nbsp;<i>\u00ab It\u2019s a bit like a \u2018baby\u2019, it\u2019s something we\u2019ve been creating from the start and have watched grow. It\u2019s a lot of fun, but also a lot of challenges. It\u2019s a link between research and the business world: everything blends together \u00bb.<\/i><o:p><\/o:p><\/p>\n<p style=\"margin-bottom: 0cm; line-height: normal;\"><o:p>&nbsp;<\/o:p><\/p>\n<p style=\"margin-bottom: 0cm; line-height: normal;\">Viravanh\u00a0: <i>\u00ab Above all, it\u2019s a great human adventure, which is what I was looking for at the start. The main reason I got involved in the project was to be part of a team, at the heart of a human experience \u00bb.<\/i><o:p><\/o:p><\/p>\n<p style=\"margin-bottom:0cm;line-height:normal\"><o:p>&nbsp;<\/o:p><\/p>\n<\/td>\n<\/tr>\n<\/tbody>\n<\/table>\n<p><o:p>&nbsp;<\/o:p><\/p>\t\t\t\t\t<\/div>\n\t\t\t\t\t\t<\/div>\n\t\t\t\t<\/div>\n\t\t\t\t<div class=\"elementor-element elementor-element-e92392c elementor-align-center jltma-glass-effect-no elementor-widget elementor-widget-button\" data-id=\"e92392c\" data-element_type=\"widget\" data-widget_type=\"button.default\">\n\t\t\t\t<div class=\"elementor-widget-container\">\n\t\t\t\t\t<div class=\"elementor-button-wrapper\">\n\t\t\t<a href=\"https:\/\/www.welbees.com\/en\/blog\/\" class=\"elementor-button-link elementor-button elementor-size-sm\" role=\"button\" id=\"Small_red_CTA\">\n\t\t\t\t\t\t<span class=\"elementor-button-content-wrapper\">\n\t\t\t\t\t\t<span class=\"elementor-button-text\">Read more articles<\/span>\n\t\t<\/span>\n\t\t\t\t\t<\/a>\n\t\t<\/div>\n\t\t\t\t<\/div>\n\t\t\t\t<\/div>\n\t\t\t\t\t\t<\/div>\n\t\t\t\t\t<\/div>\n\t\t<\/div>\n\t\t\t\t\t\t\t\t<\/div>\n\t\t\t\t\t<\/div>\n\t\t<\/section>\n\t\t\t\t\t\t\t\t\t<\/div>\n\t\t\t<\/div>\n\t\t\t\t\t<\/div>","protected":false},"excerpt":{"rendered":"<p>Welbees : Histoire de l&rsquo;entreprise &nbsp; &nbsp; &nbsp; &nbsp;Welbees est un cabinet de conseil et de formation sp\u00e9cialis\u00e9 dans la gestion du risque fatigue pour les industries \u00e0 horaires d\u00e9cal\u00e9s. Sa mission est d\u2019agir sur la sant\u00e9, la s\u00e9curit\u00e9 et la performance au travail gr\u00e2ce \u00e0 une meilleure prise en compte des probl\u00e9matiques de fatigue [&hellip;]<\/p>","protected":false},"author":8,"featured_media":6190,"parent":0,"menu_order":0,"comment_status":"closed","ping_status":"closed","template":"","meta":{"footnotes":""},"class_list":["post-6139","page","type-page","status-publish","has-post-thumbnail","hentry"],"yoast_head":"<!-- This site is optimized with the Yoast SEO plugin v26.8 - https:\/\/yoast.com\/product\/yoast-seo-wordpress\/ -->\n<title>Story of Welbees<\/title>\n<meta name=\"description\" content=\"Welbees est un cabinet de conseil et formation. Il est sp\u00e9cialis\u00e9 dans la gestion du risque fatigue pour les industries \u00e0 horaires d\u00e9cal\u00e9s.\" \/>\n<meta name=\"robots\" content=\"index, follow, max-snippet:-1, max-image-preview:large, max-video-preview:-1\" \/>\n<link rel=\"canonical\" href=\"https:\/\/www.welbees.com\/en\/welbees-story\/\" \/>\n<meta property=\"og:locale\" content=\"en_US\" \/>\n<meta property=\"og:type\" content=\"article\" \/>\n<meta property=\"og:title\" content=\"Story of Welbees\" \/>\n<meta property=\"og:description\" content=\"Welbees est un cabinet de conseil et formation. Il est sp\u00e9cialis\u00e9 dans la gestion du risque fatigue pour les industries \u00e0 horaires d\u00e9cal\u00e9s.\" \/>\n<meta property=\"og:url\" content=\"https:\/\/www.welbees.com\/en\/welbees-story\/\" \/>\n<meta property=\"og:site_name\" content=\"Welbees\" \/>\n<meta property=\"article:modified_time\" content=\"2025-09-29T08:38:03+00:00\" \/>\n<meta property=\"og:image\" content=\"https:\/\/www.welbees.com\/wp-content\/uploads\/2023\/09\/MicrosoftTeams-image-scaled.jpg\" \/>\n\t<meta property=\"og:image:width\" content=\"2560\" \/>\n\t<meta property=\"og:image:height\" content=\"1707\" \/>\n\t<meta property=\"og:image:type\" content=\"image\/jpeg\" \/>\n<meta name=\"twitter:card\" content=\"summary_large_image\" \/>\n<meta name=\"twitter:label1\" content=\"Est. reading time\" \/>\n\t<meta name=\"twitter:data1\" content=\"4 minutes\" \/>\n<script type=\"application\/ld+json\" class=\"yoast-schema-graph\">{\"@context\":\"https:\/\/schema.org\",\"@graph\":[{\"@type\":\"WebPage\",\"@id\":\"https:\/\/www.welbees.com\/welbees-story\/\",\"url\":\"https:\/\/www.welbees.com\/welbees-story\/\",\"name\":\"Story of Welbees\",\"isPartOf\":{\"@id\":\"https:\/\/www.welbees.com\/#website\"},\"primaryImageOfPage\":{\"@id\":\"https:\/\/www.welbees.com\/welbees-story\/#primaryimage\"},\"image\":{\"@id\":\"https:\/\/www.welbees.com\/welbees-story\/#primaryimage\"},\"thumbnailUrl\":\"https:\/\/www.welbees.com\/wp-content\/uploads\/2023\/09\/MicrosoftTeams-image-scaled.jpg\",\"datePublished\":\"2023-09-12T13:24:23+00:00\",\"dateModified\":\"2025-09-29T08:38:03+00:00\",\"description\":\"Welbees est un cabinet de conseil et formation. Il est sp\u00e9cialis\u00e9 dans la gestion du risque fatigue pour les industries \u00e0 horaires d\u00e9cal\u00e9s.\",\"inLanguage\":\"en-US\",\"potentialAction\":[{\"@type\":\"ReadAction\",\"target\":[\"https:\/\/www.welbees.com\/welbees-story\/\"]}]},{\"@type\":\"ImageObject\",\"inLanguage\":\"en-US\",\"@id\":\"https:\/\/www.welbees.com\/welbees-story\/#primaryimage\",\"url\":\"https:\/\/www.welbees.com\/wp-content\/uploads\/2023\/09\/MicrosoftTeams-image-scaled.jpg\",\"contentUrl\":\"https:\/\/www.welbees.com\/wp-content\/uploads\/2023\/09\/MicrosoftTeams-image-scaled.jpg\",\"width\":2560,\"height\":1707,\"caption\":\"Blog \u2013 Story of Welbees : Welbees est un cabinet de conseil et de formation sp\u00e9cialis\u00e9 dans la gestion du risque fatigue pour les industries \u00e0 horaires d\u00e9cal\u00e9s. De fait, sa mission est d\u2019agir sur la sant\u00e9, la s\u00e9curit\u00e9 et la performance au travail gr\u00e2ce \u00e0 une meilleure prise en compte des...\"},{\"@type\":\"WebSite\",\"@id\":\"https:\/\/www.welbees.com\/#website\",\"url\":\"https:\/\/www.welbees.com\/\",\"name\":\"Welbees\",\"description\":\"BROADEN KNOWLEDGE FOR SAFER WORK\",\"publisher\":{\"@id\":\"https:\/\/www.welbees.com\/#organization\"},\"potentialAction\":[{\"@type\":\"SearchAction\",\"target\":{\"@type\":\"EntryPoint\",\"urlTemplate\":\"https:\/\/www.welbees.com\/?s={search_term_string}\"},\"query-input\":{\"@type\":\"PropertyValueSpecification\",\"valueRequired\":true,\"valueName\":\"search_term_string\"}}],\"inLanguage\":\"en-US\"},{\"@type\":\"Organization\",\"@id\":\"https:\/\/www.welbees.com\/#organization\",\"name\":\"Welbees\",\"url\":\"https:\/\/www.welbees.com\/\",\"logo\":{\"@type\":\"ImageObject\",\"inLanguage\":\"en-US\",\"@id\":\"https:\/\/www.welbees.com\/#\/schema\/logo\/image\/\",\"url\":\"https:\/\/www.welbees.com\/wp-content\/uploads\/2022\/06\/cropped-image00005.png\",\"contentUrl\":\"https:\/\/www.welbees.com\/wp-content\/uploads\/2022\/06\/cropped-image00005.png\",\"width\":1867,\"height\":533,\"caption\":\"Welbees\"},\"image\":{\"@id\":\"https:\/\/www.welbees.com\/#\/schema\/logo\/image\/\"}}]}<\/script>\n<!-- \/ Yoast SEO plugin. -->","yoast_head_json":{"title":"Story of Welbees","description":"Welbees est un cabinet de conseil et formation. Il est sp\u00e9cialis\u00e9 dans la gestion du risque fatigue pour les industries \u00e0 horaires d\u00e9cal\u00e9s.","robots":{"index":"index","follow":"follow","max-snippet":"max-snippet:-1","max-image-preview":"max-image-preview:large","max-video-preview":"max-video-preview:-1"},"canonical":"https:\/\/www.welbees.com\/en\/welbees-story\/","og_locale":"en_US","og_type":"article","og_title":"Story of Welbees","og_description":"Welbees est un cabinet de conseil et formation. Il est sp\u00e9cialis\u00e9 dans la gestion du risque fatigue pour les industries \u00e0 horaires d\u00e9cal\u00e9s.","og_url":"https:\/\/www.welbees.com\/en\/welbees-story\/","og_site_name":"Welbees","article_modified_time":"2025-09-29T08:38:03+00:00","og_image":[{"width":2560,"height":1707,"url":"https:\/\/www.welbees.com\/wp-content\/uploads\/2023\/09\/MicrosoftTeams-image-scaled.jpg","type":"image\/jpeg"}],"twitter_card":"summary_large_image","twitter_misc":{"Est. reading time":"4 minutes"},"schema":{"@context":"https:\/\/schema.org","@graph":[{"@type":"WebPage","@id":"https:\/\/www.welbees.com\/welbees-story\/","url":"https:\/\/www.welbees.com\/welbees-story\/","name":"Story of Welbees","isPartOf":{"@id":"https:\/\/www.welbees.com\/#website"},"primaryImageOfPage":{"@id":"https:\/\/www.welbees.com\/welbees-story\/#primaryimage"},"image":{"@id":"https:\/\/www.welbees.com\/welbees-story\/#primaryimage"},"thumbnailUrl":"https:\/\/www.welbees.com\/wp-content\/uploads\/2023\/09\/MicrosoftTeams-image-scaled.jpg","datePublished":"2023-09-12T13:24:23+00:00","dateModified":"2025-09-29T08:38:03+00:00","description":"Welbees est un cabinet de conseil et formation. Il est sp\u00e9cialis\u00e9 dans la gestion du risque fatigue pour les industries \u00e0 horaires d\u00e9cal\u00e9s.","inLanguage":"en-US","potentialAction":[{"@type":"ReadAction","target":["https:\/\/www.welbees.com\/welbees-story\/"]}]},{"@type":"ImageObject","inLanguage":"en-US","@id":"https:\/\/www.welbees.com\/welbees-story\/#primaryimage","url":"https:\/\/www.welbees.com\/wp-content\/uploads\/2023\/09\/MicrosoftTeams-image-scaled.jpg","contentUrl":"https:\/\/www.welbees.com\/wp-content\/uploads\/2023\/09\/MicrosoftTeams-image-scaled.jpg","width":2560,"height":1707,"caption":"Blog \u2013 Story of Welbees : Welbees est un cabinet de conseil et de formation sp\u00e9cialis\u00e9 dans la gestion du risque fatigue pour les industries \u00e0 horaires d\u00e9cal\u00e9s. De fait, sa mission est d\u2019agir sur la sant\u00e9, la s\u00e9curit\u00e9 et la performance au travail gr\u00e2ce \u00e0 une meilleure prise en compte des..."},{"@type":"WebSite","@id":"https:\/\/www.welbees.com\/#website","url":"https:\/\/www.welbees.com\/","name":"Welbees","description":"BROADEN KNOWLEDGE FOR SAFER WORK","publisher":{"@id":"https:\/\/www.welbees.com\/#organization"},"potentialAction":[{"@type":"SearchAction","target":{"@type":"EntryPoint","urlTemplate":"https:\/\/www.welbees.com\/?s={search_term_string}"},"query-input":{"@type":"PropertyValueSpecification","valueRequired":true,"valueName":"search_term_string"}}],"inLanguage":"en-US"},{"@type":"Organization","@id":"https:\/\/www.welbees.com\/#organization","name":"Welbees","url":"https:\/\/www.welbees.com\/","logo":{"@type":"ImageObject","inLanguage":"en-US","@id":"https:\/\/www.welbees.com\/#\/schema\/logo\/image\/","url":"https:\/\/www.welbees.com\/wp-content\/uploads\/2022\/06\/cropped-image00005.png","contentUrl":"https:\/\/www.welbees.com\/wp-content\/uploads\/2022\/06\/cropped-image00005.png","width":1867,"height":533,"caption":"Welbees"},"image":{"@id":"https:\/\/www.welbees.com\/#\/schema\/logo\/image\/"}}]}},"_links":{"self":[{"href":"https:\/\/www.welbees.com\/en\/wp-json\/wp\/v2\/pages\/6139","targetHints":{"allow":["GET"]}}],"collection":[{"href":"https:\/\/www.welbees.com\/en\/wp-json\/wp\/v2\/pages"}],"about":[{"href":"https:\/\/www.welbees.com\/en\/wp-json\/wp\/v2\/types\/page"}],"author":[{"embeddable":true,"href":"https:\/\/www.welbees.com\/en\/wp-json\/wp\/v2\/users\/8"}],"replies":[{"embeddable":true,"href":"https:\/\/www.welbees.com\/en\/wp-json\/wp\/v2\/comments?post=6139"}],"version-history":[{"count":34,"href":"https:\/\/www.welbees.com\/en\/wp-json\/wp\/v2\/pages\/6139\/revisions"}],"predecessor-version":[{"id":7585,"href":"https:\/\/www.welbees.com\/en\/wp-json\/wp\/v2\/pages\/6139\/revisions\/7585"}],"wp:featuredmedia":[{"embeddable":true,"href":"https:\/\/www.welbees.com\/en\/wp-json\/wp\/v2\/media\/6190"}],"wp:attachment":[{"href":"https:\/\/www.welbees.com\/en\/wp-json\/wp\/v2\/media?parent=6139"}],"curies":[{"name":"wp","href":"https:\/\/api.w.org\/{rel}","templated":true}]}}