{"id":6246,"date":"2023-09-18T16:57:13","date_gmt":"2023-09-18T14:57:13","guid":{"rendered":"https:\/\/www.welbees.com\/?page_id=6246"},"modified":"2025-09-29T10:17:15","modified_gmt":"2025-09-29T08:17:15","slug":"blog","status":"publish","type":"page","link":"https:\/\/www.welbees.com\/en\/blog\/","title":{"rendered":"Blog"},"content":{"rendered":"<div data-elementor-type=\"wp-page\" data-elementor-id=\"6246\" class=\"elementor elementor-6246\">\n\t\t\t\t\t\t<div class=\"elementor-inner\">\n\t\t\t\t<div class=\"elementor-section-wrap\">\n\t\t\t\t\t\t\t\t\t<section class=\"elementor-section elementor-top-section elementor-element elementor-element-3b0d94e elementor-section-boxed elementor-section-height-default elementor-section-height-default jltma-glass-effect-no\" data-id=\"3b0d94e\" data-element_type=\"section\">\n\t\t\t\t\t\t\t<div class=\"elementor-background-overlay\"><\/div>\n\t\t\t\t\t\t\t<div class=\"elementor-container elementor-column-gap-default\">\n\t\t\t\t\t\t\t<div class=\"elementor-row\">\n\t\t\t\t\t<div class=\"elementor-column elementor-col-100 elementor-top-column elementor-element elementor-element-c8501f3 jltma-glass-effect-no\" data-id=\"c8501f3\" data-element_type=\"column\" data-settings=\"{&quot;background_background&quot;:&quot;classic&quot;}\">\n\t\t\t<div class=\"elementor-column-wrap elementor-element-populated\">\n\t\t\t\t\t\t\t<div class=\"elementor-widget-wrap\">\n\t\t\t\t\t\t<div class=\"elementor-element elementor-element-b0cea48 jltma-glass-effect-no elementor-widget elementor-widget-heading\" data-id=\"b0cea48\" data-element_type=\"widget\" data-widget_type=\"heading.default\">\n\t\t\t\t<div class=\"elementor-widget-container\">\n\t\t\t<h1 class=\"elementor-heading-title elementor-size-default\">Blog<\/h1>\t\t<\/div>\n\t\t\t\t<\/div>\n\t\t\t\t\t\t<\/div>\n\t\t\t\t\t<\/div>\n\t\t<\/div>\n\t\t\t\t\t\t\t\t<\/div>\n\t\t\t\t\t<\/div>\n\t\t<\/section>\n\t\t\t\t<section class=\"elementor-section elementor-top-section elementor-element elementor-element-ea13960 elementor-section-boxed elementor-section-height-default elementor-section-height-default jltma-glass-effect-no\" data-id=\"ea13960\" data-element_type=\"section\">\n\t\t\t\t\t\t<div class=\"elementor-container elementor-column-gap-default\">\n\t\t\t\t\t\t\t<div class=\"elementor-row\">\n\t\t\t\t\t<div class=\"elementor-column elementor-col-100 elementor-top-column elementor-element elementor-element-176a713 jltma-glass-effect-no\" data-id=\"176a713\" data-element_type=\"column\">\n\t\t\t<div class=\"elementor-column-wrap elementor-element-populated\">\n\t\t\t\t\t\t\t<div class=\"elementor-widget-wrap\">\n\t\t\t\t\t\t<div class=\"elementor-element elementor-element-4c45336 elementor-grid-3 elementor-grid-tablet-2 elementor-grid-mobile-1 elementor-posts--thumbnail-top elementor-posts--show-avatar elementor-card-shadow-yes elementor-posts__hover-gradient jltma-glass-effect-no elementor-widget elementor-widget-posts\" data-id=\"4c45336\" data-element_type=\"widget\" data-settings=\"{&quot;cards_columns&quot;:&quot;3&quot;,&quot;cards_columns_tablet&quot;:&quot;2&quot;,&quot;cards_columns_mobile&quot;:&quot;1&quot;,&quot;cards_row_gap&quot;:{&quot;unit&quot;:&quot;px&quot;,&quot;size&quot;:35,&quot;sizes&quot;:[]},&quot;cards_row_gap_tablet&quot;:{&quot;unit&quot;:&quot;px&quot;,&quot;size&quot;:&quot;&quot;,&quot;sizes&quot;:[]},&quot;cards_row_gap_mobile&quot;:{&quot;unit&quot;:&quot;px&quot;,&quot;size&quot;:&quot;&quot;,&quot;sizes&quot;:[]}}\" data-widget_type=\"posts.cards\">\n\t\t\t\t<div class=\"elementor-widget-container\">\n\t\t\t\t\t<div class=\"elementor-posts-container elementor-posts elementor-posts--skin-cards elementor-grid\">\n\t\t\t\t<article class=\"elementor-post elementor-grid-item post-6139 page type-page status-publish has-post-thumbnail hentry\">\n\t\t\t<div class=\"elementor-post__card\">\n\t\t\t\t<a class=\"elementor-post__thumbnail__link\" href=\"https:\/\/www.welbees.com\/en\/welbees-story\/\" ><div class=\"elementor-post__thumbnail\"><img loading=\"lazy\" decoding=\"async\" width=\"300\" height=\"200\" src=\"https:\/\/www.welbees.com\/wp-content\/uploads\/2023\/09\/MicrosoftTeams-image-300x200.jpg\" class=\"attachment-medium size-medium\" alt=\"Blog \u2013 Story of Welbees : Welbees est un cabinet de conseil et de formation sp\u00e9cialis\u00e9 dans la gestion du risque fatigue pour les industries \u00e0 horaires d\u00e9cal\u00e9s. De fait, sa mission est d\u2019agir sur la sant\u00e9, la s\u00e9curit\u00e9 et la performance au travail gr\u00e2ce \u00e0 une meilleure prise en compte des...\" srcset=\"https:\/\/www.welbees.com\/wp-content\/uploads\/2023\/09\/MicrosoftTeams-image-300x200.jpg 300w, https:\/\/www.welbees.com\/wp-content\/uploads\/2023\/09\/MicrosoftTeams-image-1024x683.jpg 1024w, https:\/\/www.welbees.com\/wp-content\/uploads\/2023\/09\/MicrosoftTeams-image-768x512.jpg 768w, https:\/\/www.welbees.com\/wp-content\/uploads\/2023\/09\/MicrosoftTeams-image-1536x1024.jpg 1536w, https:\/\/www.welbees.com\/wp-content\/uploads\/2023\/09\/MicrosoftTeams-image-2048x1365.jpg 2048w\" sizes=\"auto, (max-width: 300px) 100vw, 300px\" \/><\/div><\/a>\n\t\t\t\t<div class=\"elementor-post__avatar\">\n\t\t\t<img alt='Ema Inthavisay' src='https:\/\/secure.gravatar.com\/avatar\/160d46648d18f3a73f8e60c9bf833707?s=128&#038;d=mm&#038;r=g' srcset='https:\/\/secure.gravatar.com\/avatar\/160d46648d18f3a73f8e60c9bf833707?s=256&#038;d=mm&#038;r=g 2x' class='avatar avatar-128 photo' height='128' width='128' \/>\t\t<\/div>\n\t\t\t\t<div class=\"elementor-post__text\">\n\t\t\t\t<h3 class=\"elementor-post__title\">\n\t\t\t<a href=\"https:\/\/www.welbees.com\/en\/welbees-story\/\" >\n\t\t\t\tStory of Welbees\t\t\t<\/a>\n\t\t<\/h3>\n\t\t\t\t<div class=\"elementor-post__excerpt\">\n\t\t\t<p>Welbees: Company history Welbees is a consultancy and training company specialising in fatigue risk management for<\/p>\n\t\t<\/div>\n\t\t\n\t\t<a class=\"elementor-post__read-more\" href=\"https:\/\/www.welbees.com\/en\/welbees-story\/\" >\n\t\t\tREAD MORE\t\t<\/a>\n\n\t\t\t\t<\/div>\n\t\t\t\t<div class=\"elementor-post__meta-data\">\n\t\t\t\t\t<span class=\"elementor-post-author\">\n\t\t\tEma Inthavisay\t\t<\/span>\n\t\t\t\t<span class=\"elementor-post-date\">\n\t\t\t12 September 2023\t\t<\/span>\n\t\t\t\t<\/div>\n\t\t\t\t\t<\/div>\n\t\t<\/article>\n\t\t\t\t<article class=\"elementor-post elementor-grid-item post-6126 page type-page status-publish has-post-thumbnail hentry\">\n\t\t\t<div class=\"elementor-post__card\">\n\t\t\t\t<a class=\"elementor-post__thumbnail__link\" href=\"https:\/\/www.welbees.com\/en\/sleepless\/\" ><div class=\"elementor-post__thumbnail\"><img loading=\"lazy\" decoding=\"async\" width=\"300\" height=\"200\" src=\"https:\/\/www.welbees.com\/wp-content\/uploads\/2023\/09\/pexels-jeshootscom-714701-300x200.jpg\" class=\"attachment-medium size-medium\" alt=\"\" srcset=\"https:\/\/www.welbees.com\/wp-content\/uploads\/2023\/09\/pexels-jeshootscom-714701-300x200.jpg 300w, https:\/\/www.welbees.com\/wp-content\/uploads\/2023\/09\/pexels-jeshootscom-714701-1024x683.jpg 1024w, https:\/\/www.welbees.com\/wp-content\/uploads\/2023\/09\/pexels-jeshootscom-714701-768x512.jpg 768w, https:\/\/www.welbees.com\/wp-content\/uploads\/2023\/09\/pexels-jeshootscom-714701-1536x1024.jpg 1536w, https:\/\/www.welbees.com\/wp-content\/uploads\/2023\/09\/pexels-jeshootscom-714701-2048x1365.jpg 2048w\" sizes=\"auto, (max-width: 300px) 100vw, 300px\" \/><\/div><\/a>\n\t\t\t\t<div class=\"elementor-post__avatar\">\n\t\t\t<img alt='Pauline Vrancken' src='https:\/\/secure.gravatar.com\/avatar\/14291852eec1e1e496b75a04d778e67d?s=128&#038;d=mm&#038;r=g' srcset='https:\/\/secure.gravatar.com\/avatar\/14291852eec1e1e496b75a04d778e67d?s=256&#038;d=mm&#038;r=g 2x' class='avatar avatar-128 photo' height='128' width='128' \/>\t\t<\/div>\n\t\t\t\t<div class=\"elementor-post__text\">\n\t\t\t\t<h3 class=\"elementor-post__title\">\n\t\t\t<a href=\"https:\/\/www.welbees.com\/en\/sleepless\/\" >\n\t\t\t\tSleepless in Safety\t\t\t<\/a>\n\t\t<\/h3>\n\t\t\t\t<div class=\"elementor-post__excerpt\">\n\t\t\t<p>Insomnia and safety : Insomnia at work A good night's sleep is an essential part of our daily routine, as it plays a vital role in our health.<\/p>\n\t\t<\/div>\n\t\t\n\t\t<a class=\"elementor-post__read-more\" href=\"https:\/\/www.welbees.com\/en\/sleepless\/\" >\n\t\t\tREAD MORE\t\t<\/a>\n\n\t\t\t\t<\/div>\n\t\t\t\t<div class=\"elementor-post__meta-data\">\n\t\t\t\t\t<span class=\"elementor-post-author\">\n\t\t\tPauline Vrancken\t\t<\/span>\n\t\t\t\t<span class=\"elementor-post-date\">\n\t\t\t12 September 2023\t\t<\/span>\n\t\t\t\t<\/div>\n\t\t\t\t\t<\/div>\n\t\t<\/article>\n\t\t\t\t<\/div>\n\n\n\t\t\n\t\t\t\t<\/div>\n\t\t\t\t<\/div>\n\t\t\t\t\t\t<\/div>\n\t\t\t\t\t<\/div>\n\t\t<\/div>\n\t\t\t\t\t\t\t\t<\/div>\n\t\t\t\t\t<\/div>\n\t\t<\/section>\n\t\t\t\t\t\t\t\t\t<\/div>\n\t\t\t<\/div>\n\t\t\t\t\t<\/div>","protected":false},"excerpt":{"rendered":"<p>Blog<\/p>","protected":false},"author":8,"featured_media":0,"parent":0,"menu_order":0,"comment_status":"closed","ping_status":"closed","template":"","meta":{"footnotes":""},"class_list":["post-6246","page","type-page","status-publish","hentry"],"yoast_head":"<!-- This site is optimized with the Yoast SEO plugin v26.8 - https:\/\/yoast.com\/product\/yoast-seo-wordpress\/ -->\n<title>Blog<\/title>\n<meta name=\"description\" content=\"D\u00e9couvrez un blog d\u00e9di\u00e9 au bien-\u00eatre des \u00e9quipes et \u00e0 la performance d\u2019entreprise : des collaborateurs \u00e9panouis sont la cl\u00e9 du succ\u00e8s.\" \/>\n<meta name=\"robots\" content=\"index, follow, max-snippet:-1, max-image-preview:large, max-video-preview:-1\" \/>\n<link rel=\"canonical\" href=\"https:\/\/www.welbees.com\/en\/blog\/\" \/>\n<meta property=\"og:locale\" content=\"en_US\" \/>\n<meta property=\"og:type\" content=\"article\" \/>\n<meta property=\"og:title\" content=\"Blog\" \/>\n<meta property=\"og:description\" content=\"D\u00e9couvrez un blog d\u00e9di\u00e9 au bien-\u00eatre des \u00e9quipes et \u00e0 la performance d\u2019entreprise : des collaborateurs \u00e9panouis sont la cl\u00e9 du succ\u00e8s.\" \/>\n<meta property=\"og:url\" content=\"https:\/\/www.welbees.com\/en\/blog\/\" \/>\n<meta property=\"og:site_name\" content=\"Welbees\" \/>\n<meta property=\"article:modified_time\" content=\"2025-09-29T08:17:15+00:00\" \/>\n<meta name=\"twitter:card\" content=\"summary_large_image\" \/>\n<meta name=\"twitter:label1\" content=\"Est. reading time\" \/>\n\t<meta name=\"twitter:data1\" content=\"1 minute\" \/>\n<script type=\"application\/ld+json\" class=\"yoast-schema-graph\">{\"@context\":\"https:\/\/schema.org\",\"@graph\":[{\"@type\":\"WebPage\",\"@id\":\"https:\/\/www.welbees.com\/blog\/\",\"url\":\"https:\/\/www.welbees.com\/blog\/\",\"name\":\"Blog\",\"isPartOf\":{\"@id\":\"https:\/\/www.welbees.com\/#website\"},\"datePublished\":\"2023-09-18T14:57:13+00:00\",\"dateModified\":\"2025-09-29T08:17:15+00:00\",\"description\":\"D\u00e9couvrez un blog d\u00e9di\u00e9 au bien-\u00eatre des \u00e9quipes et \u00e0 la performance d\u2019entreprise : des collaborateurs \u00e9panouis sont la cl\u00e9 du succ\u00e8s.\",\"inLanguage\":\"en-US\",\"potentialAction\":[{\"@type\":\"ReadAction\",\"target\":[\"https:\/\/www.welbees.com\/blog\/\"]}]},{\"@type\":\"WebSite\",\"@id\":\"https:\/\/www.welbees.com\/#website\",\"url\":\"https:\/\/www.welbees.com\/\",\"name\":\"Welbees\",\"description\":\"BROADEN KNOWLEDGE FOR SAFER WORK\",\"publisher\":{\"@id\":\"https:\/\/www.welbees.com\/#organization\"},\"potentialAction\":[{\"@type\":\"SearchAction\",\"target\":{\"@type\":\"EntryPoint\",\"urlTemplate\":\"https:\/\/www.welbees.com\/?s={search_term_string}\"},\"query-input\":{\"@type\":\"PropertyValueSpecification\",\"valueRequired\":true,\"valueName\":\"search_term_string\"}}],\"inLanguage\":\"en-US\"},{\"@type\":\"Organization\",\"@id\":\"https:\/\/www.welbees.com\/#organization\",\"name\":\"Welbees\",\"url\":\"https:\/\/www.welbees.com\/\",\"logo\":{\"@type\":\"ImageObject\",\"inLanguage\":\"en-US\",\"@id\":\"https:\/\/www.welbees.com\/#\/schema\/logo\/image\/\",\"url\":\"https:\/\/www.welbees.com\/wp-content\/uploads\/2022\/06\/cropped-image00005.png\",\"contentUrl\":\"https:\/\/www.welbees.com\/wp-content\/uploads\/2022\/06\/cropped-image00005.png\",\"width\":1867,\"height\":533,\"caption\":\"Welbees\"},\"image\":{\"@id\":\"https:\/\/www.welbees.com\/#\/schema\/logo\/image\/\"}}]}<\/script>\n<!-- \/ Yoast SEO plugin. -->","yoast_head_json":{"title":"Blog","description":"D\u00e9couvrez un blog d\u00e9di\u00e9 au bien-\u00eatre des \u00e9quipes et \u00e0 la performance d\u2019entreprise : des collaborateurs \u00e9panouis sont la cl\u00e9 du succ\u00e8s.","robots":{"index":"index","follow":"follow","max-snippet":"max-snippet:-1","max-image-preview":"max-image-preview:large","max-video-preview":"max-video-preview:-1"},"canonical":"https:\/\/www.welbees.com\/en\/blog\/","og_locale":"en_US","og_type":"article","og_title":"Blog","og_description":"D\u00e9couvrez un blog d\u00e9di\u00e9 au bien-\u00eatre des \u00e9quipes et \u00e0 la performance d\u2019entreprise : des collaborateurs \u00e9panouis sont la cl\u00e9 du succ\u00e8s.","og_url":"https:\/\/www.welbees.com\/en\/blog\/","og_site_name":"Welbees","article_modified_time":"2025-09-29T08:17:15+00:00","twitter_card":"summary_large_image","twitter_misc":{"Est. reading time":"1 minute"},"schema":{"@context":"https:\/\/schema.org","@graph":[{"@type":"WebPage","@id":"https:\/\/www.welbees.com\/blog\/","url":"https:\/\/www.welbees.com\/blog\/","name":"Blog","isPartOf":{"@id":"https:\/\/www.welbees.com\/#website"},"datePublished":"2023-09-18T14:57:13+00:00","dateModified":"2025-09-29T08:17:15+00:00","description":"D\u00e9couvrez un blog d\u00e9di\u00e9 au bien-\u00eatre des \u00e9quipes et \u00e0 la performance d\u2019entreprise : des collaborateurs \u00e9panouis sont la cl\u00e9 du succ\u00e8s.","inLanguage":"en-US","potentialAction":[{"@type":"ReadAction","target":["https:\/\/www.welbees.com\/blog\/"]}]},{"@type":"WebSite","@id":"https:\/\/www.welbees.com\/#website","url":"https:\/\/www.welbees.com\/","name":"Welbees","description":"BROADEN KNOWLEDGE FOR SAFER WORK","publisher":{"@id":"https:\/\/www.welbees.com\/#organization"},"potentialAction":[{"@type":"SearchAction","target":{"@type":"EntryPoint","urlTemplate":"https:\/\/www.welbees.com\/?s={search_term_string}"},"query-input":{"@type":"PropertyValueSpecification","valueRequired":true,"valueName":"search_term_string"}}],"inLanguage":"en-US"},{"@type":"Organization","@id":"https:\/\/www.welbees.com\/#organization","name":"Welbees","url":"https:\/\/www.welbees.com\/","logo":{"@type":"ImageObject","inLanguage":"en-US","@id":"https:\/\/www.welbees.com\/#\/schema\/logo\/image\/","url":"https:\/\/www.welbees.com\/wp-content\/uploads\/2022\/06\/cropped-image00005.png","contentUrl":"https:\/\/www.welbees.com\/wp-content\/uploads\/2022\/06\/cropped-image00005.png","width":1867,"height":533,"caption":"Welbees"},"image":{"@id":"https:\/\/www.welbees.com\/#\/schema\/logo\/image\/"}}]}},"_links":{"self":[{"href":"https:\/\/www.welbees.com\/en\/wp-json\/wp\/v2\/pages\/6246","targetHints":{"allow":["GET"]}}],"collection":[{"href":"https:\/\/www.welbees.com\/en\/wp-json\/wp\/v2\/pages"}],"about":[{"href":"https:\/\/www.welbees.com\/en\/wp-json\/wp\/v2\/types\/page"}],"author":[{"embeddable":true,"href":"https:\/\/www.welbees.com\/en\/wp-json\/wp\/v2\/users\/8"}],"replies":[{"embeddable":true,"href":"https:\/\/www.welbees.com\/en\/wp-json\/wp\/v2\/comments?post=6246"}],"version-history":[{"count":19,"href":"https:\/\/www.welbees.com\/en\/wp-json\/wp\/v2\/pages\/6246\/revisions"}],"predecessor-version":[{"id":7998,"href":"https:\/\/www.welbees.com\/en\/wp-json\/wp\/v2\/pages\/6246\/revisions\/7998"}],"wp:attachment":[{"href":"https:\/\/www.welbees.com\/en\/wp-json\/wp\/v2\/media?parent=6246"}],"curies":[{"name":"wp","href":"https:\/\/api.w.org\/{rel}","templated":true}]}}